{"id":1294,"date":"2020-02-06T19:36:09","date_gmt":"2020-02-06T19:36:09","guid":{"rendered":"https:\/\/sandbox.devichyavocats.com\/?page_id=1294"},"modified":"2025-02-17T22:28:13","modified_gmt":"2025-02-17T22:28:13","slug":"droit-du-travail","status":"publish","type":"page","link":"https:\/\/sandbox.devichyavocats.com\/?page_id=1294&lang=fr","title":{"rendered":"Droit du travail"},"content":{"rendered":"<div class=\"wpb-content-wrapper\">[vc_row full_height=\u00a0\u00bbyes\u00a0\u00bb parallax=\u00a0\u00bbcontent-moving\u00a0\u00bb parallax_image=\u00a0\u00bb2433&Prime; animation=\u00a0\u00bbbottom-to-top\u00a0\u00bb fullwidth=\u00a0\u00bbyes\u00a0\u00bb el_class=\u00a0\u00bbc-hero\u00a0\u00bb][vc_column width=\u00a0\u00bb1\/2&Prime; animation=\u00a0\u00bbbottom-to-top\u00a0\u00bb css=\u00a0\u00bb.vc_custom_1628104533734{padding-top: 40px !important;padding-right: 40px !important;padding-bottom: 40px !important;padding-left: 40px !important;background-color: rgba(0,0,0,0.31) !important;*background-color: rgb(0,0,0) !important;border-radius: 10px !important;}\u00a0\u00bb animation_delay=\u00a0\u00bb1000&Prime;]<div class=\"shortcode-wrapper shortcode-title clearfix title-bordered\"><h1 style=\"color:#ffffff!important;border-color:#ffffff\" class=\"aligncenter\">Droit du travail<\/h1><\/div>[vc_column_text css=\u00a0\u00bb.vc_custom_1628528951429{margin-top: 40px !important;}\u00a0\u00bb]<div class=\"su-button-center\"><a href=\"https:\/\/devichy.appointlet.com\/\" class=\"su-button su-button-style-default c-custom-btn c-custom-btn--violet\" style=\"color:#000000;background-color:#f6f6f6;border-color:#c5c5c5;border-radius:5px\" target=\"_blank\" onClick=\"gtag(&#039;event&#039;, &#039;Click appointlet&#039;, {event_category: &#039;Booking&#039;, event_label: &#039;Click appointlet&#039;});\" rel=\"noopener noreferrer\"><span style=\"color:#000000;padding:0px 16px;font-size:13px;line-height:26px;border-color:#f9f9f9;border-radius:5px;text-shadow:none\"> R\u00e9server en ligne une consultation<\/span><\/a><\/div>[\/vc_column_text][\/vc_column][vc_column width=\u00a0\u00bb1\/2&Prime;][\/vc_column][\/vc_row][vc_row css_animation=\u00a0\u00bbnone\u00a0\u00bb][vc_column width=\u00a0\u00bb2\/3&Prime; animation=\u00a0\u00bbbottom-to-top\u00a0\u00bb animation_delay=\u00a0\u00bb500&Prime;][vc_column_text]D\u00e8s votre premier appel, nous aurons une discussion franche avec vous sur la nature de votre litige en droit du travail. Une fois l&rsquo;enjeux clarifi\u00e9, nos avocats ne m\u00e9nageront aucune voie l\u00e9gale pour faire pr\u00e9valoir vos droits. S&rsquo;il faut n\u00e9gocier, nous le ferons. Mais si la partie adverse refuse d&rsquo;entendre raison, nos avocats auront recours aux tribunaux pour demander au juge de trancher en votre faveur.<\/p>\n<p>Chez Devichy, nous pratiquons le droit du travail avec une attention particuli\u00e8re aux d\u00e9tails et nous gardons un \u0153il attentif sur le contr\u00f4le des co\u00fbts pour le client. Nous sommes efficaces et organis\u00e9s.<\/p>\n<div id=\"x-section-3\" class=\"x-section\">\n<div class=\"x-container\">\n<div class=\"x-column x-sm x-1-2\">\n<div class=\"x-text\">\n<h3><strong>Cong\u00e9diement<\/strong><\/h3>\n<ul>\n<li>Indemnit\u00e9s de d\u00e9part pour les employ\u00e9s, y compris le calcul du pr\u00e9avis raisonnable<\/li>\n<li>R\u00e9siliation, transfert, vente ou fermeture d&rsquo;une entreprise<\/li>\n<li>All\u00e9gations de licenciements justifi\u00e9s<\/li>\n<li>Licenciement d&#8217;employ\u00e9s handicap\u00e9s sans enfreindre la loi<\/li>\n<li>Mises \u00e0 pied temporaires<\/li>\n<li>Implications fiscales<\/li>\n<\/ul>\n<h3><\/h3>\n<h3><strong>Responsabilit\u00e9s de l&#8217;employeur<\/strong><\/h3>\n<ul>\n<li>Mesures disciplinaires<\/li>\n<li>\u00c9valuation des performances<\/li>\n<li>L&rsquo;escalade des proc\u00e9dures disciplinaires, y compris la constitution d&rsquo;un dossier de licenciement pour motif valable<\/li>\n<li>Suspensions<\/li>\n<li>R\u00e9trogradations<\/li>\n<li>R\u00e9ponse aux plaintes des employ\u00e9s et des tiers concernant des employ\u00e9s sp\u00e9cifiques<\/li>\n<li>Application des politiques de s\u00e9curit\u00e9 par la discipline<\/li>\n<\/ul>\n<h3><\/h3>\n<h3><strong>Politique<\/strong><\/h3>\n<ul>\n<li>Politiques de sant\u00e9 et de s\u00e9curit\u00e9<\/li>\n<li>Politiques sur la violence au travail<\/li>\n<li>Politiques de harc\u00e8lement sexuel<\/li>\n<li>Politiques d&rsquo;adaptation aux personnes handicap\u00e9es<\/li>\n<li>Politiques anti-discrimination<\/li>\n<li>Politiques des m\u00e9dias sociaux<\/li>\n<li>Politiques de non-concurrence, de non-sollicitation et de confidentialit\u00e9 (secrets commerciaux).<\/li>\n<li>Manuels des employ\u00e9s, y compris la conduite g\u00e9n\u00e9rale et les attentes envers les employ\u00e9s<\/li>\n<\/ul>\n<h3><\/h3>\n<h3><strong>Embauche<\/strong><\/h3>\n<ul>\n<li>R\u00e9daction des contrats de travail<\/li>\n<li>Classifications des entrepreneurs<\/li>\n<li>Clauses de r\u00e9siliation pour limiter le montant de l&rsquo;indemnit\u00e9 de licenciement tenant lieu de pr\u00e9avis pour payer un employ\u00e9 licenci\u00e9<\/li>\n<li>Engagements restrictifs, y compris la protection de la non-sollicitation, de la non-concurrence et de la confidentialit\u00e9 (secret commercial)<\/li>\n<li>Attributions incitatives (octroi d&rsquo;actions, UAI, options d&rsquo;achat d&rsquo;actions, etc.)<\/li>\n<li>Avantages<\/li>\n<li>R\u00e9mun\u00e9ration des dirigeants<\/li>\n<li>Probl\u00e8mes de discrimination dans le processus d&#8217;embauche<\/li>\n<\/ul>\n<h3><\/h3>\n<h3><strong>Droits de la personne<\/strong><\/h3>\n<ul>\n<li>R\u00e9ponse aux demandes d&rsquo;adaptation pour personnes handicap\u00e9es<\/li>\n<li>R\u00e9ponse aux all\u00e9gations de discrimination des employ\u00e9s<\/li>\n<li>R\u00e9ponse aux all\u00e9gations de harc\u00e8lement des employ\u00e9s<\/li>\n<li>Demande d&rsquo;informations m\u00e9dicales<\/li>\n<li>D\u00e9pistage de la drogue et de l&rsquo;alcool<\/li>\n<\/ul>\n<h3><\/h3>\n<h3><strong>Gestion des normes internes<\/strong><\/h3>\n<ul>\n<li>Classification des gestionnaires et des superviseurs<\/li>\n<li>Heures de travail et p\u00e9riodes de repas<\/li>\n<li>Paiement des heures suppl\u00e9mentaires<\/li>\n<li>Cong\u00e9s pay\u00e9s<\/li>\n<li>Cong\u00e9 de maternit\u00e9 et parental<\/li>\n<li>Cong\u00e9 familial pour raison m\u00e9dicale<\/li>\n<li>Absence du travail pour urgence<\/li>\n<\/ul>\n<h3><\/h3>\n<h3><strong>Enqu\u00eates sur le lieu de travail<\/strong><\/h3>\n<ul>\n<li>Environnement de travail toxique<\/li>\n<li>Harc\u00e8lement<\/li>\n<li>Harc\u00e8lement sexuel<\/li>\n<li>Discrimination<\/li>\n<li>Comportement inappropri\u00e9 des employ\u00e9s<\/li>\n<li>Vol<\/li>\n<li>Fraude d&rsquo;assurance<\/li>\n<li>D\u00e9nonciateurs<\/li>\n<\/ul>\n<h3><\/h3>\n<h3><strong>Litige<\/strong><\/h3>\n<ul>\n<li>Licenciement injustifi\u00e9<\/li>\n<li>Cong\u00e9diement d\u00e9guis\u00e9<\/li>\n<li>Critique constructive<\/li>\n<li>Injonctions pour faire respecter la non-concurrence, la non-sollicitation et la confidentialit\u00e9 (secrets commerciaux)<\/li>\n<li>Libelle et diffamation<\/li>\n<li>R\u00e9cup\u00e9ration de biens ou de sommes vol\u00e9s<\/li>\n<li>Violation d&rsquo;accords commerciaux (c.-\u00e0-d. poursuites intent\u00e9es par ou contre des travailleurs sous contrat)<\/li>\n<\/ul>\n<h3><\/h3>\n<h3><strong>Sant\u00e9 et la s\u00e9curit\u00e9 au travail<\/strong><\/h3>\n<ul>\n<li>Dossier CSST<\/li>\n<li>Politiques et formation en mati\u00e8re de sant\u00e9 et de s\u00e9curit\u00e9<\/li>\n<li>Rapports en vertu de la Loi<\/li>\n<li>Inspections et enqu\u00eates<\/li>\n<li>Enqu\u00eates post-accidentelles<\/li>\n<li>Appel de d\u00e9cisions en mati\u00e8re de sant\u00e9 et s\u00e9curit\u00e9 au travail<\/li>\n<\/ul>\n<h3><\/h3>\n<h3><strong>Certification syndicale<\/strong><\/h3>\n<ul>\n<li>Gestion des situation de syndicalisation<\/li>\n<\/ul>\n<\/div>\n<\/div>\n<\/div>\n<\/div>\n[\/vc_column_text][vc_empty_space][vc_column_text]\n<p style=\"text-align: center;\"><div class=\"su-button-center\"><a href=\"https:\/\/devichy.appointlet.com\/\" class=\"su-button su-button-style-default c-custom-btn c-custom-btn--violet\" style=\"color:#000000;background-color:#f6f6f6;border-color:#c5c5c5;border-radius:5px\" target=\"_blank\" onClick=\"gtag(&#039;event&#039;, &#039;Click appointlet&#039;, {event_category: &#039;Booking&#039;, event_label: &#039;Click appointlet&#039;});\" rel=\"noopener noreferrer\"><span style=\"color:#000000;padding:0px 16px;font-size:13px;line-height:26px;border-color:#f9f9f9;border-radius:5px;text-shadow:none\"> R\u00e9server en ligne une consultation<\/span><\/a><\/div>\n<p style=\"text-align: center;\">(vid\u00e9oconf\u00e9rence, t\u00e9l\u00e9phone ou en personne)<\/p>\n[\/vc_column_text][\/vc_column][vc_column width=\u00a0\u00bb1\/3&Prime; animation=\u00a0\u00bbbottom-to-top\u00a0\u00bb css=\u00a0\u00bb.vc_custom_1630355722644{background-color: #f2f2f2 !important;border-radius: 10px !important;}\u00a0\u00bb animation_delay=\u00a0\u00bb1000&Prime;]<div class=\"shortcode-wrapper shortcode-title clearfix title-bordered\"><div class=\"aligncenter\"><h2 class=\"hb-bordered-heading aligncenter\">Consultez la fiche de votre avocat<\/h2><\/div><\/div>[vc_empty_space]<div class=\"shortcode-wrapper shortcode-team-member-box \"><div class=\"row\"><div class=\"col-6\">\n\t\t<div class=\"team-member-box\">\n\t\t\t\t\t\t\t\t\t\n\t\t\t<div class=\"team-member-img\">\n\n\t\t\t\t<img decoding=\"async\" src=\"https:\/\/sandbox.devichyavocats.com\/wp-content\/uploads\/2024\/10\/Serge-Grimard-e1728487694592-350x350.png\" alt=\"Serge Grimard, avocat en droit civil\"\/>\n\t\t\t\t\t\t\t\t\t\t<ul class=\"social-icons dark\">\n\t\t\t\t\t\n\t\t\t\t\t\t\n\t\t\t\t\t\t\t\n\t\t\t\t\t\t\t\n\t\t\t\t\t\t\t\n\t\t\t\t\t\t\t\n\t\t\t\t\t\t\t\n\t\t\t\t\t\t\t\n\t\t\t\t\t\t\t\n\t\t\t\t\t\t\t\n\t\t\t\t\t\t\t\n\t\t\t\t\t\t\t\n\t\t\t\t\t\t\t\n\t\t\t\t\t\t\t\n\t\t\t\t\t\t\t\n\t\t\t\t\t\t\t\n\t\t\t\t\t\t\t\n\t\t\t\t\t\t\t\n\t\t\t\t\t\t\t\n\t\t\t\t\t\t\t\n\t\t\t\t\t\t\t\n\t\t\t\t\t\t\t\n\t\t\t\t\t\t\t\n\t\t\t\t\t\t\t\n\t\t\t\t\t\t\t\n\t\t\t\t\t\t\t\n\t\t\t\t\t\t\t\n\t\t\t\t\t\t\t\n\t\t\t\t\t\t\t\n\t\t\t\t\t\t\t\n\t\t\t\t\t\t\t\n\t\t\t\t\t\t\t\n\t\t\t\t\t\t\t\n\t\t\t\t\t\t\t\n\t\t\t\t\t\t\t\n\t\t\t\t\t\t\t\n\t\t\t\t\t\t\t\n\t\t\t\t\t\t\t\t\t\t\t\t<\/ul>\n\t\t\t\t\t\n\t\t\t\t\t\t\t<\/div><!-- END .team-member-img -->\n\t\t\t\t\t\t\t\t\t\t\n\t\t\t<div class=\"team-member-description\">\n\n\t\t\t\t<div class=\"team-header-info clearfix\">\n\n\t\t\t\t\t<div class=\"team-name\">\n\t\t\t\t\t\t<h4 class=\"team-member-name\"><a href=\"https:\/\/sandbox.devichyavocats.com\/?team=serge-grimard-avocat&#038;lang=fr\">Serge Grimard, avocat en droit civil<\/a><\/h4>\n\n\t\t\t\t\t\t\t\t\t\t\t<\/div><!-- END .team-name -->\n\t\t\t\t\t\t\t\t\t\t\t\t\n\t\t\t\t\t\t\t\t\t\t\t\t\n\t\t\t\t<\/div><!-- END .team-header-info -->\n\n\t\t\t\t\n\t\t\t\t\t<div class=\"spacer\" style=\"height:10px;\"><\/div>\n\t\t\t\t\t<div class=\"team-member-content\">\n\t\t\t\t\t\t<div class=\"spacer\" style=\"height:15px;\"><\/div><p class=\"nbm\">Plaideur, praticien chevronn\u00e9 et fort d\u2019une expertise de pratiquement 25 ans notamment acquise au sein des grandes firmes montr\u00e9alaises, Me&hellip;<\/p>\t\t\t\t\t<\/div><!-- END .team-member-content -->\n\t\t\t\t\n\t\t\t\t<a class=\"simple-read-more\" href=\"https:\/\/sandbox.devichyavocats.com\/?team=serge-grimard-avocat&#038;lang=fr\" target=\"_self\">View Profile<\/a>\n\t\t\t<\/div><!-- END .team-member-description -->\t\n\n\t\t<\/div><!-- END .team-member-box -->\n\n\t\t<\/div><div class=\"col-6\">\n\t\t<div class=\"team-member-box\">\n\t\t\t\t\t\t\t\t\t\n\t\t\t<div class=\"team-member-img\">\n\n\t\t\t\t<img decoding=\"async\" src=\"https:\/\/sandbox.devichyavocats.com\/wp-content\/uploads\/2020\/03\/Catherine-Laplante-carr\u00e9-2-350x350.jpg\" alt=\"Catherine Laplante, avocate en droit familial\"\/>\n\t\t\t\t\t\t\t\t\t\t<ul class=\"social-icons dark\">\n\t\t\t\t\t\n\t\t\t\t\t\t\n\t\t\t\t\t\t\t\n\t\t\t\t\t\t\t\n\t\t\t\t\t\t\t\n\t\t\t\t\t\t\t\n\t\t\t\t\t\t\t\n\t\t\t\t\t\t\t\n\t\t\t\t\t\t\t\n\t\t\t\t\t\t\t\n\t\t\t\t\t\t\t\n\t\t\t\t\t\t\t\n\t\t\t\t\t\t\t\n\t\t\t\t\t\t\t\n\t\t\t\t\t\t\t\n\t\t\t\t\t\t\t\n\t\t\t\t\t\t\t\n\t\t\t\t\t\t\t\n\t\t\t\t\t\t\t\n\t\t\t\t\t\t\t\n\t\t\t\t\t\t\t\n\t\t\t\t\t\t\t\n\t\t\t\t\t\t\t\n\t\t\t\t\t\t\t\n\t\t\t\t\t\t\t\n\t\t\t\t\t\t\t\n\t\t\t\t\t\t\t\n\t\t\t\t\t\t\t\n\t\t\t\t\t\t\t\n\t\t\t\t\t\t\t\n\t\t\t\t\t\t\t\n\t\t\t\t\t\t\t\n\t\t\t\t\t\t\t\n\t\t\t\t\t\t\t\n\t\t\t\t\t\t\t\n\t\t\t\t\t\t\t\n\t\t\t\t\t\t\t\n\t\t\t\t\t\t\t\t\t\t\t\t<\/ul>\n\t\t\t\t\t\n\t\t\t\t\t\t\t<\/div><!-- END .team-member-img -->\n\t\t\t\t\t\t\t\t\t\t\n\t\t\t<div class=\"team-member-description\">\n\n\t\t\t\t<div class=\"team-header-info clearfix\">\n\n\t\t\t\t\t<div class=\"team-name\">\n\t\t\t\t\t\t<h4 class=\"team-member-name\"><a href=\"https:\/\/sandbox.devichyavocats.com\/?team=catherine-laplante-avocate&#038;lang=fr\">Catherine Laplante, avocate en droit familial<\/a><\/h4>\n\n\t\t\t\t\t\t\t\t\t\t\t<\/div><!-- END .team-name -->\n\t\t\t\t\t\t\t\t\t\t\t\t\n\t\t\t\t\t\t\t\t\t\t\t\t\n\t\t\t\t<\/div><!-- END .team-header-info -->\n\n\t\t\t\t\n\t\t\t\t\t<div class=\"spacer\" style=\"height:10px;\"><\/div>\n\t\t\t\t\t<div class=\"team-member-content\">\n\t\t\t\t\t\t<div class=\"spacer\" style=\"height:15px;\"><\/div><p class=\"nbm\">Me Catherine Laplante a obtenu sa licence en droit en 2015. Elle a depuis consacr\u00e9 sa pratique au droit de&hellip;<\/p>\t\t\t\t\t<\/div><!-- END .team-member-content -->\n\t\t\t\t\n\t\t\t\t<a class=\"simple-read-more\" href=\"https:\/\/sandbox.devichyavocats.com\/?team=catherine-laplante-avocate&#038;lang=fr\" target=\"_self\">View Profile<\/a>\n\t\t\t<\/div><!-- END .team-member-description -->\t\n\n\t\t<\/div><!-- END .team-member-box -->\n\n\t\t<\/div><\/div><div class=\"row\"><div class=\"col-6\">\n\t\t<div class=\"team-member-box\">\n\t\t\t\t\t\t\t\t\t\n\t\t\t<div class=\"team-member-img\">\n\n\t\t\t\t<img decoding=\"async\" src=\"https:\/\/sandbox.devichyavocats.com\/wp-content\/uploads\/2021\/01\/David-Veillette-2021-carre-scaled-350x350.jpg\" alt=\"David Veillette, avocat en droit familial, civil et administratif\"\/>\n\t\t\t\t\t\t\t\t\t\t<ul class=\"social-icons dark\">\n\t\t\t\t\t\n\t\t\t\t\t\t\n\t\t\t\t\t\t\t\n\t\t\t\t\t\t\t\n\t\t\t\t\t\t\t\n\t\t\t\t\t\t\t\n\t\t\t\t\t\t\t\n\t\t\t\t\t\t\t\n\t\t\t\t\t\t\t\n\t\t\t\t\t\t\t\n\t\t\t\t\t\t\t\n\t\t\t\t\t\t\t\n\t\t\t\t\t\t\t\n\t\t\t\t\t\t\t\n\t\t\t\t\t\t\t\n\t\t\t\t\t\t\t\n\t\t\t\t\t\t\t\n\t\t\t\t\t\t\t\n\t\t\t\t\t\t\t\n\t\t\t\t\t\t\t\n\t\t\t\t\t\t\t\n\t\t\t\t\t\t\t\n\t\t\t\t\t\t\t\n\t\t\t\t\t\t\t\n\t\t\t\t\t\t\t\n\t\t\t\t\t\t\t\n\t\t\t\t\t\t\t\n\t\t\t\t\t\t\t\n\t\t\t\t\t\t\t\n\t\t\t\t\t\t\t\n\t\t\t\t\t\t\t\n\t\t\t\t\t\t\t\n\t\t\t\t\t\t\t\n\t\t\t\t\t\t\t\n\t\t\t\t\t\t\t\n\t\t\t\t\t\t\t\n\t\t\t\t\t\t\t\n\t\t\t\t\t\t\t\t\t\t\t\t<\/ul>\n\t\t\t\t\t\n\t\t\t\t\t\t\t<\/div><!-- END .team-member-img -->\n\t\t\t\t\t\t\t\t\t\t\n\t\t\t<div class=\"team-member-description\">\n\n\t\t\t\t<div class=\"team-header-info clearfix\">\n\n\t\t\t\t\t<div class=\"team-name\">\n\t\t\t\t\t\t<h4 class=\"team-member-name\"><a href=\"https:\/\/sandbox.devichyavocats.com\/?team=me-david-veillette&#038;lang=fr\">David Veillette, avocat en droit familial, civil et administratif<\/a><\/h4>\n\n\t\t\t\t\t\t\t\t\t\t\t<\/div><!-- END .team-name -->\n\t\t\t\t\t\t\t\t\t\t\t\t\n\t\t\t\t\t\t\t\t\t\t\t\t\n\t\t\t\t<\/div><!-- END .team-header-info -->\n\n\t\t\t\t\n\t\t\t\t\t<div class=\"spacer\" style=\"height:10px;\"><\/div>\n\t\t\t\t\t<div class=\"team-member-content\">\n\t\t\t\t\t\t<div class=\"spacer\" style=\"height:15px;\"><\/div><p class=\"nbm\">Me David Veillette est un avocat que particuli\u00e8rement appr\u00e9ci\u00e9 de ses coll\u00e8gues pour une raison toute simple : c\u2019est un&hellip;<\/p>\t\t\t\t\t<\/div><!-- END .team-member-content -->\n\t\t\t\t\n\t\t\t\t<a class=\"simple-read-more\" href=\"https:\/\/sandbox.devichyavocats.com\/?team=me-david-veillette&#038;lang=fr\" target=\"_self\">View Profile<\/a>\n\t\t\t<\/div><!-- END .team-member-description -->\t\n\n\t\t<\/div><!-- END .team-member-box -->\n\n\t\t<\/div><\/div><\/div>[\/vc_column][\/vc_row][vc_row animation=\u00a0\u00bbbottom-to-top\u00a0\u00bb animation_delay=\u00a0\u00bb500&Prime;][vc_column][vc_empty_space][vc_separator]<div class=\"shortcode-wrapper shortcode-title clearfix title-bordered\"><div class=\"aligncenter\"><h2 class=\"hb-bordered-heading aligncenter\">Articles<\/h2><\/div><\/div>[vc_empty_space][vc_column_text]<a href=\"https:\/\/sandbox.devichyavocats.com\/fr\/mise-a-pied-principe-de-base\/\">Mise \u00e0 pied : quels sont les principes de bases?<\/a><\/p>\n<p><a href=\"https:\/\/sandbox.devichyavocats.com\/fr\/congediement-deguise\/\">Qu&rsquo;est-ce qu&rsquo;on cong\u00e9diement d\u00e9guis\u00e9?<\/a>[\/vc_column_text][\/vc_column][\/vc_row]\n<\/div>","protected":false},"excerpt":{"rendered":"<p>[vc_row full_height=\u00a0\u00bbyes\u00a0\u00bb parallax=\u00a0\u00bbcontent-moving\u00a0\u00bb parallax_image=\u00a0\u00bb2433&Prime; animation=\u00a0\u00bbbottom-to-top\u00a0\u00bb fullwidth=\u00a0\u00bbyes\u00a0\u00bb el_class=\u00a0\u00bbc-hero\u00a0\u00bb][vc_column width=\u00a0\u00bb1\/2&Prime; animation=\u00a0\u00bbbottom-to-top\u00a0\u00bb css=\u00a0\u00bb.vc_custom_1628104533734{padding-top: 40px !important;padding-right: 40px !important;padding-bottom: 40px !important;padding-left: 40px !important;background-color: rgba(0,0,0,0.31) !important;*background-color: [&hellip;]<\/p>\n","protected":false},"author":4,"featured_media":0,"parent":0,"menu_order":0,"comment_status":"closed","ping_status":"closed","template":"","meta":{"footnotes":""},"class_list":["post-1294","page","type-page","status-publish","hentry"],"_links":{"self":[{"href":"https:\/\/sandbox.devichyavocats.com\/index.php?rest_route=\/wp\/v2\/pages\/1294","targetHints":{"allow":["GET"]}}],"collection":[{"href":"https:\/\/sandbox.devichyavocats.com\/index.php?rest_route=\/wp\/v2\/pages"}],"about":[{"href":"https:\/\/sandbox.devichyavocats.com\/index.php?rest_route=\/wp\/v2\/types\/page"}],"author":[{"embeddable":true,"href":"https:\/\/sandbox.devichyavocats.com\/index.php?rest_route=\/wp\/v2\/users\/4"}],"replies":[{"embeddable":true,"href":"https:\/\/sandbox.devichyavocats.com\/index.php?rest_route=%2Fwp%2Fv2%2Fcomments&post=1294"}],"version-history":[{"count":11,"href":"https:\/\/sandbox.devichyavocats.com\/index.php?rest_route=\/wp\/v2\/pages\/1294\/revisions"}],"predecessor-version":[{"id":5060,"href":"https:\/\/sandbox.devichyavocats.com\/index.php?rest_route=\/wp\/v2\/pages\/1294\/revisions\/5060"}],"wp:attachment":[{"href":"https:\/\/sandbox.devichyavocats.com\/index.php?rest_route=%2Fwp%2Fv2%2Fmedia&parent=1294"}],"curies":[{"name":"wp","href":"https:\/\/api.w.org\/{rel}","templated":true}]}}