{"id":1705,"date":"2020-06-03T21:32:51","date_gmt":"2020-06-03T21:32:51","guid":{"rendered":"https:\/\/sandbox.devichyavocats.com\/?page_id=1705"},"modified":"2024-12-05T13:47:08","modified_gmt":"2024-12-05T13:47:08","slug":"sherbrooke-office","status":"publish","type":"page","link":"https:\/\/sandbox.devichyavocats.com\/?page_id=1705&lang=en","title":{"rendered":"Sherbrooke Office"},"content":{"rendered":"<div class=\"wpb-content-wrapper\">[vc_row full_height=\u00a0\u00bbyes\u00a0\u00bb parallax=\u00a0\u00bbcontent-moving\u00a0\u00bb parallax_image=\u00a0\u00bb3931&Prime; animation=\u00a0\u00bbbottom-to-top\u00a0\u00bb fullwidth=\u00a0\u00bbyes\u00a0\u00bb bg_type=\u00a0\u00bbbg_image\u00a0\u00bb el_class=\u00a0\u00bbc-hero\u00a0\u00bb][vc_column width=\u00a0\u00bb1\/2&Prime; css=\u00a0\u00bb.vc_custom_1625081672428{padding-top: 40px !important;padding-right: 40px !important;padding-bottom: 40px !important;padding-left: 40px !important;background-color: rgba(0,0,0,0.31) !important;*background-color: rgb(0,0,0) !important;border-radius: 10px !important;}\u00a0\u00bb]<div class=\"shortcode-wrapper shortcode-title clearfix\"><h1 style=\"color:#ffffff!important;border-color:#ffffff\" class=\"aligncenter\">Sherbrooke Office<\/h1><\/div>[\/vc_column][vc_column width=\u00a0\u00bb1\/2&Prime;][\/vc_column][\/vc_row][vc_row][vc_column width=\u00a0\u00bb1\/2&Prime; animation=\u00a0\u00bbbottom-to-top\u00a0\u00bb animation_delay=\u00a0\u00bb500&Prime;][vc_row_inner][vc_column_inner][vc_column_text]\n<h3><strong>Devichy Lawyers is a people-oriented law firm. Our lawyers will take the time to properly understand your legal issue and personal situation. Once their mandate has been clarified, they will initiate the necessary procedures to claim what you are entitled to. If your file needs negotiation, we\u2019ll do it.\u00a0 If it leads to a legal battle in Court, we\u2019ll go and fight. And we\u2019ll never back down from an opponent.<\/strong><\/h3>\n<h3><strong>Our Sherbrooke lawyers are experienced in family law, youth protection law, civil litigation and criminal law.<\/strong><\/h3>\n[\/vc_column_text][vc_raw_html css=\u00a0\u00bb\u00a0\u00bb]NDU1JTIwcnVlJTIwS2luZyUyMFdlc3QlM0NiciUyRiUzRSUwQSUwQTZ0aCUyMGZsb29yJTNDYnIlMkYlM0UlMEElMEFTaGVyYnJvb2tlJTJDJTIwUXVlYmVjJTJDJTIwSjFIJTIwNkc0JTNDYnIlMkYlM0UlM0NiciUyRiUzRSUwQSUwQVBob25lJTNBJTIwJTNDYSUyMG9uY2xpY2slM0QlMjJyZXR1cm4lMjBndGFnX3JlcG9ydF9jb252ZXJzaW9uJTI4JTI3dGVsJTNBMS04MDAtNTIwLTYxMjclMjclMjklM0IlMjIlMjBocmVmJTNEJTIydGVsJTNBMS04MDAtNTIwLTYxMjclMjIlM0UxLTgwMC01MjAtNjEyNyUzQyUyRmElM0UlM0NiciUyRiUzRSUzQ2ElMjBvbmNsaWNrJTNEJTIycmV0dXJuJTIwZ3RhZ19yZXBvcnRfY29udmVyc2lvbiUyOCUyN3RlbCUzQSUyODgxOSUyOSUyMDIwMC0wMjg1JTI3JTI5JTNCJTIyJTIwaHJlZiUzRCUyMnRlbCUzQSUyODgxOSUyOSUyMDIwMC0wMjg1JTIyJTNFJTI4ODE5JTI5JTIwMjAwLTAyODUlM0MlMkZhJTNF[\/vc_raw_html][vc_cta h2=\u00a0\u00bb7 days a week | 7 am &#8211; 10 pm\u00a0\u00bb txt_align=\u00a0\u00bbcenter\u00a0\u00bb][\/vc_cta][vc_column_text]<a href=\"https:\/\/devichy-lawyers.appointlet.com\/\" class=\"su-button su-button-style-default c-custom-btn c-custom-btn--violet c-custom-btn__large\" style=\"color:#000000;background-color:#f6f6f6;border-color:#c5c5c5;border-radius:5px\" target=\"_blank\" onClick=\"gtag(&#039;event&#039;, &#039;Click appointlet&#039;, {event_category: &#039;Booking&#039;, event_label: &#039;Click appointlet&#039;});\" rel=\"noopener noreferrer\"><span style=\"color:#000000;padding:0px 16px;font-size:13px;line-height:26px;border-color:#f9f9f9;border-radius:5px;text-shadow:none\"> Book a consultation by phone, videoconference or in-person<\/span><\/a>[\/vc_column_text][\/vc_column_inner][\/vc_row_inner][\/vc_column][vc_column width=\u00a0\u00bb1\/2&Prime; animation=\u00a0\u00bbbottom-to-top\u00a0\u00bb css=\u00a0\u00bb.vc_custom_1625081868152{background-color: #f2f2f2 !important;}\u00a0\u00bb animation_delay=\u00a0\u00bb1000&Prime;]<div class=\"shortcode-wrapper shortcode-team-member-box \"><div class=\"row\"><div class=\"col-4\">\n\t\t<div class=\"team-member-box\">\n\t\t\t\t\t\t\t\t\t\n\t\t\t<div class=\"team-member-img\">\n\n\t\t\t\t<img decoding=\"async\" src=\"https:\/\/sandbox.devichyavocats.com\/wp-content\/uploads\/2022\/02\/Carol-Anne-Robichaud-carre-350x350.jpg\" alt=\"Carol-Anne Robichaud, avocate en droit familial et protection de la jeunesse\"\/>\n\t\t\t\t\t\t\t\t\t\t<ul class=\"social-icons dark\">\n\t\t\t\t\t\n\t\t\t\t\t\t\n\t\t\t\t\t\t\t\n\t\t\t\t\t\t\t\n\t\t\t\t\t\t\t\n\t\t\t\t\t\t\t\n\t\t\t\t\t\t\t\n\t\t\t\t\t\t\t\n\t\t\t\t\t\t\t\n\t\t\t\t\t\t\t\n\t\t\t\t\t\t\t\n\t\t\t\t\t\t\t\n\t\t\t\t\t\t\t\n\t\t\t\t\t\t\t\n\t\t\t\t\t\t\t\n\t\t\t\t\t\t\t\n\t\t\t\t\t\t\t\n\t\t\t\t\t\t\t\n\t\t\t\t\t\t\t\n\t\t\t\t\t\t\t\n\t\t\t\t\t\t\t\n\t\t\t\t\t\t\t\n\t\t\t\t\t\t\t\n\t\t\t\t\t\t\t\n\t\t\t\t\t\t\t\n\t\t\t\t\t\t\t\n\t\t\t\t\t\t\t\n\t\t\t\t\t\t\t\n\t\t\t\t\t\t\t\n\t\t\t\t\t\t\t\n\t\t\t\t\t\t\t\n\t\t\t\t\t\t\t\n\t\t\t\t\t\t\t\n\t\t\t\t\t\t\t\n\t\t\t\t\t\t\t\n\t\t\t\t\t\t\t\n\t\t\t\t\t\t\t\n\t\t\t\t\t\t\t\t\t\t\t\t<\/ul>\n\t\t\t\t\t\n\t\t\t\t\t\t\t<\/div><!-- END .team-member-img -->\n\t\t\t\t\t\t\t\t\t\t\n\t\t\t<div class=\"team-member-description\">\n\n\t\t\t\t<div class=\"team-header-info clearfix\">\n\n\t\t\t\t\t<div class=\"team-name\">\n\t\t\t\t\t\t<h4 class=\"team-member-name\"><a href=\"https:\/\/sandbox.devichyavocats.com\/?team=carol-anne-robichaud-avocate&#038;lang=fr\">Carol-Anne Robichaud, avocate en droit familial et protection de la jeunesse<\/a><\/h4>\n\n\t\t\t\t\t\t\t\t\t\t\t<\/div><!-- END .team-name -->\n\t\t\t\t\t\t\t\t\t\t\t\t\n\t\t\t\t\t\t\t\t\t\t\t\t\n\t\t\t\t<\/div><!-- END .team-header-info -->\n\n\t\t\t\t\n\t\t\t\t\t<div class=\"spacer\" style=\"height:10px;\"><\/div>\n\t\t\t\t\t<div class=\"team-member-content\">\n\t\t\t\t\t\t<div class=\"spacer\" style=\"height:15px;\"><\/div><p class=\"nbm\">Me Carol-Anne Robichaud est une avocate en droit de la famille et protection de la jeunesse. Elle fait partie de&hellip;<\/p>\t\t\t\t\t<\/div><!-- END .team-member-content -->\n\t\t\t\t\n\t\t\t\t<a class=\"simple-read-more\" href=\"https:\/\/sandbox.devichyavocats.com\/?team=carol-anne-robichaud-avocate&#038;lang=fr\" target=\"_self\">View Profile<\/a>\n\t\t\t<\/div><!-- END .team-member-description -->\t\n\n\t\t<\/div><!-- END .team-member-box -->\n\n\t\t<\/div><div class=\"col-4\">\n\t\t<div class=\"team-member-box\">\n\t\t\t\t\t\t\t\t\t\n\t\t\t<div class=\"team-member-img\">\n\n\t\t\t\t<img decoding=\"async\" src=\"https:\/\/sandbox.devichyavocats.com\/wp-content\/uploads\/2023\/11\/Marilou-Morin-Denis-Square-350x350.jpg\" alt=\"Marilou Morin-Denis, avocate en droit familial et protection de la jeunesse\"\/>\n\t\t\t\t\t\t\t\t\t\t<ul class=\"social-icons dark\">\n\t\t\t\t\t\n\t\t\t\t\t\t\n\t\t\t\t\t\t\t\n\t\t\t\t\t\t\t\n\t\t\t\t\t\t\t\n\t\t\t\t\t\t\t\n\t\t\t\t\t\t\t\n\t\t\t\t\t\t\t\n\t\t\t\t\t\t\t\n\t\t\t\t\t\t\t\n\t\t\t\t\t\t\t\n\t\t\t\t\t\t\t\n\t\t\t\t\t\t\t\n\t\t\t\t\t\t\t\n\t\t\t\t\t\t\t\n\t\t\t\t\t\t\t\n\t\t\t\t\t\t\t\n\t\t\t\t\t\t\t\n\t\t\t\t\t\t\t\n\t\t\t\t\t\t\t\n\t\t\t\t\t\t\t\n\t\t\t\t\t\t\t\n\t\t\t\t\t\t\t\n\t\t\t\t\t\t\t\n\t\t\t\t\t\t\t\n\t\t\t\t\t\t\t\n\t\t\t\t\t\t\t\n\t\t\t\t\t\t\t\n\t\t\t\t\t\t\t\n\t\t\t\t\t\t\t\n\t\t\t\t\t\t\t\n\t\t\t\t\t\t\t\n\t\t\t\t\t\t\t\n\t\t\t\t\t\t\t\n\t\t\t\t\t\t\t\n\t\t\t\t\t\t\t\n\t\t\t\t\t\t\t\n\t\t\t\t\t\t\t\t\t\t\t\t<\/ul>\n\t\t\t\t\t\n\t\t\t\t\t\t\t<\/div><!-- END .team-member-img -->\n\t\t\t\t\t\t\t\t\t\t\n\t\t\t<div class=\"team-member-description\">\n\n\t\t\t\t<div class=\"team-header-info clearfix\">\n\n\t\t\t\t\t<div class=\"team-name\">\n\t\t\t\t\t\t<h4 class=\"team-member-name\"><a href=\"https:\/\/sandbox.devichyavocats.com\/?team=marilou-morin-denis-avocate&#038;lang=fr\">Marilou Morin-Denis, avocate en droit familial et protection de la jeunesse<\/a><\/h4>\n\n\t\t\t\t\t\t\t\t\t\t\t<\/div><!-- END .team-name -->\n\t\t\t\t\t\t\t\t\t\t\t\t\n\t\t\t\t\t\t\t\t\t\t\t\t\n\t\t\t\t<\/div><!-- END .team-header-info -->\n\n\t\t\t\t\n\t\t\t\t\t<div class=\"spacer\" style=\"height:10px;\"><\/div>\n\t\t\t\t\t<div class=\"team-member-content\">\n\t\t\t\t\t\t<div class=\"spacer\" style=\"height:15px;\"><\/div><p class=\"nbm\">Me Marilou Morin-Denis est avocate en droit de la famille et protection de la jeunesse. Elle s\u2019est jointe \u00e0 l\u2019\u00e9quipe&hellip;<\/p>\t\t\t\t\t<\/div><!-- END .team-member-content -->\n\t\t\t\t\n\t\t\t\t<a class=\"simple-read-more\" href=\"https:\/\/sandbox.devichyavocats.com\/?team=marilou-morin-denis-avocate&#038;lang=fr\" target=\"_self\">View Profile<\/a>\n\t\t\t<\/div><!-- END .team-member-description -->\t\n\n\t\t<\/div><!-- END .team-member-box -->\n\n\t\t<\/div><div class=\"col-4\">\n\t\t<div class=\"team-member-box\">\n\t\t\t\t\t\t\t\t\t\n\t\t\t<div class=\"team-member-img\">\n\n\t\t\t\t<img decoding=\"async\" src=\"https:\/\/sandbox.devichyavocats.com\/wp-content\/uploads\/2025\/02\/Elizabeth-Girard-Square-scaled-350x350.jpg\" alt=\"\u00c9lizabeth Girard, avocate en droit familial et protection de la jeunesse\"\/>\n\t\t\t\t\t\t\t\t\t\t<ul class=\"social-icons dark\">\n\t\t\t\t\t\n\t\t\t\t\t\t\n\t\t\t\t\t\t\t\n\t\t\t\t\t\t\t\n\t\t\t\t\t\t\t\n\t\t\t\t\t\t\t\n\t\t\t\t\t\t\t\n\t\t\t\t\t\t\t\n\t\t\t\t\t\t\t\n\t\t\t\t\t\t\t\n\t\t\t\t\t\t\t\n\t\t\t\t\t\t\t\n\t\t\t\t\t\t\t\n\t\t\t\t\t\t\t\n\t\t\t\t\t\t\t\n\t\t\t\t\t\t\t\n\t\t\t\t\t\t\t\n\t\t\t\t\t\t\t\n\t\t\t\t\t\t\t\n\t\t\t\t\t\t\t\n\t\t\t\t\t\t\t\n\t\t\t\t\t\t\t\n\t\t\t\t\t\t\t\n\t\t\t\t\t\t\t\n\t\t\t\t\t\t\t\n\t\t\t\t\t\t\t\n\t\t\t\t\t\t\t\n\t\t\t\t\t\t\t\n\t\t\t\t\t\t\t\n\t\t\t\t\t\t\t\n\t\t\t\t\t\t\t\n\t\t\t\t\t\t\t\n\t\t\t\t\t\t\t\n\t\t\t\t\t\t\t\n\t\t\t\t\t\t\t\n\t\t\t\t\t\t\t\n\t\t\t\t\t\t\t\n\t\t\t\t\t\t\t\t\t\t\t\t<\/ul>\n\t\t\t\t\t\n\t\t\t\t\t\t\t<\/div><!-- END .team-member-img -->\n\t\t\t\t\t\t\t\t\t\t\n\t\t\t<div class=\"team-member-description\">\n\n\t\t\t\t<div class=\"team-header-info clearfix\">\n\n\t\t\t\t\t<div class=\"team-name\">\n\t\t\t\t\t\t<h4 class=\"team-member-name\"><a href=\"https:\/\/sandbox.devichyavocats.com\/?team=elizabeth-girard-avocate&#038;lang=fr\">\u00c9lizabeth Girard, avocate en droit familial et protection de la jeunesse<\/a><\/h4>\n\n\t\t\t\t\t\t\t\t\t\t\t<\/div><!-- END .team-name -->\n\t\t\t\t\t\t\t\t\t\t\t\t\n\t\t\t\t\t\t\t\t\t\t\t\t\n\t\t\t\t<\/div><!-- END .team-header-info -->\n\n\t\t\t\t\n\t\t\t\t\t<div class=\"spacer\" style=\"height:10px;\"><\/div>\n\t\t\t\t\t<div class=\"team-member-content\">\n\t\t\t\t\t\t<div class=\"spacer\" style=\"height:15px;\"><\/div><p class=\"nbm\">Me \u00c9lizabeth Girard est une avocate pratiquant exclusivement en droit de la jeunesse et en droit de la famille. Dipl\u00f4m\u00e9e&hellip;<\/p>\t\t\t\t\t<\/div><!-- END .team-member-content -->\n\t\t\t\t\n\t\t\t\t<a class=\"simple-read-more\" href=\"https:\/\/sandbox.devichyavocats.com\/?team=elizabeth-girard-avocate&#038;lang=fr\" target=\"_self\">View Profile<\/a>\n\t\t\t<\/div><!-- END .team-member-description -->\t\n\n\t\t<\/div><!-- END .team-member-box -->\n\n\t\t<\/div><\/div><div class=\"row\"><div class=\"col-4\">\n\t\t<div class=\"team-member-box\">\n\t\t\t\t\t\t\t\t\t\n\t\t\t<div class=\"team-member-img\">\n\n\t\t\t\t<img decoding=\"async\" src=\"https:\/\/sandbox.devichyavocats.com\/wp-content\/uploads\/2021\/07\/Lea-Perron-2021-carre-scaled-350x350.jpg\" alt=\"L\u00e9a Perron, avocate en droit criminel\"\/>\n\t\t\t\t\t\t\t\t\t\t<ul class=\"social-icons dark\">\n\t\t\t\t\t\n\t\t\t\t\t\t\n\t\t\t\t\t\t\t\n\t\t\t\t\t\t\t\n\t\t\t\t\t\t\t\n\t\t\t\t\t\t\t\n\t\t\t\t\t\t\t\n\t\t\t\t\t\t\t\n\t\t\t\t\t\t\t\n\t\t\t\t\t\t\t\n\t\t\t\t\t\t\t\n\t\t\t\t\t\t\t\n\t\t\t\t\t\t\t\n\t\t\t\t\t\t\t\n\t\t\t\t\t\t\t\n\t\t\t\t\t\t\t\n\t\t\t\t\t\t\t\n\t\t\t\t\t\t\t\n\t\t\t\t\t\t\t\n\t\t\t\t\t\t\t\n\t\t\t\t\t\t\t\n\t\t\t\t\t\t\t\n\t\t\t\t\t\t\t\n\t\t\t\t\t\t\t\n\t\t\t\t\t\t\t\n\t\t\t\t\t\t\t\n\t\t\t\t\t\t\t\n\t\t\t\t\t\t\t\n\t\t\t\t\t\t\t\n\t\t\t\t\t\t\t\n\t\t\t\t\t\t\t\n\t\t\t\t\t\t\t\n\t\t\t\t\t\t\t\n\t\t\t\t\t\t\t\n\t\t\t\t\t\t\t\n\t\t\t\t\t\t\t\n\t\t\t\t\t\t\t\n\t\t\t\t\t\t\t\t\t\t\t\t<\/ul>\n\t\t\t\t\t\n\t\t\t\t\t\t\t<\/div><!-- END .team-member-img -->\n\t\t\t\t\t\t\t\t\t\t\n\t\t\t<div class=\"team-member-description\">\n\n\t\t\t\t<div class=\"team-header-info clearfix\">\n\n\t\t\t\t\t<div class=\"team-name\">\n\t\t\t\t\t\t<h4 class=\"team-member-name\"><a href=\"https:\/\/sandbox.devichyavocats.com\/?team=lea-perron-avocate&#038;lang=fr\">L\u00e9a Perron, avocate en droit criminel<\/a><\/h4>\n\n\t\t\t\t\t\t\t\t\t\t\t<\/div><!-- END .team-name -->\n\t\t\t\t\t\t\t\t\t\t\t\t\n\t\t\t\t\t\t\t\t\t\t\t\t\n\t\t\t\t<\/div><!-- END .team-header-info -->\n\n\t\t\t\t\n\t\t\t\t\t<div class=\"spacer\" style=\"height:10px;\"><\/div>\n\t\t\t\t\t<div class=\"team-member-content\">\n\t\t\t\t\t\t<div class=\"spacer\" style=\"height:15px;\"><\/div><p class=\"nbm\">Me L\u00e9a Perron est une avocate qui aime le travail de terrain, le contact avec les clients et elle est&hellip;<\/p>\t\t\t\t\t<\/div><!-- END .team-member-content -->\n\t\t\t\t\n\t\t\t\t<a class=\"simple-read-more\" href=\"https:\/\/sandbox.devichyavocats.com\/?team=lea-perron-avocate&#038;lang=fr\" target=\"_self\">View Profile<\/a>\n\t\t\t<\/div><!-- END .team-member-description -->\t\n\n\t\t<\/div><!-- END .team-member-box -->\n\n\t\t<\/div><div class=\"col-4\">\n\t\t<div class=\"team-member-box\">\n\t\t\t\t\t\t\t\t\t\n\t\t\t<div class=\"team-member-img\">\n\n\t\t\t\t<img decoding=\"async\" src=\"https:\/\/sandbox.devichyavocats.com\/wp-content\/uploads\/2020\/05\/Amanda-Inkel-carre-1-350x350.png\" alt=\"Amanda Inkel, avocate en droit familial et jeunesse\"\/>\n\t\t\t\t\t\t\t\t\t\t<ul class=\"social-icons dark\">\n\t\t\t\t\t\n\t\t\t\t\t\t\n\t\t\t\t\t\t\t\n\t\t\t\t\t\t\t\n\t\t\t\t\t\t\t\n\t\t\t\t\t\t\t\n\t\t\t\t\t\t\t\n\t\t\t\t\t\t\t\n\t\t\t\t\t\t\t\n\t\t\t\t\t\t\t\n\t\t\t\t\t\t\t\n\t\t\t\t\t\t\t\n\t\t\t\t\t\t\t\n\t\t\t\t\t\t\t\n\t\t\t\t\t\t\t\n\t\t\t\t\t\t\t\n\t\t\t\t\t\t\t\n\t\t\t\t\t\t\t\n\t\t\t\t\t\t\t\n\t\t\t\t\t\t\t\n\t\t\t\t\t\t\t\n\t\t\t\t\t\t\t\n\t\t\t\t\t\t\t\n\t\t\t\t\t\t\t\n\t\t\t\t\t\t\t\n\t\t\t\t\t\t\t\n\t\t\t\t\t\t\t\n\t\t\t\t\t\t\t\n\t\t\t\t\t\t\t\n\t\t\t\t\t\t\t\n\t\t\t\t\t\t\t\n\t\t\t\t\t\t\t\n\t\t\t\t\t\t\t\n\t\t\t\t\t\t\t\n\t\t\t\t\t\t\t\n\t\t\t\t\t\t\t\n\t\t\t\t\t\t\t\n\t\t\t\t\t\t\t\t\t\t\t\t<\/ul>\n\t\t\t\t\t\n\t\t\t\t\t\t\t<\/div><!-- END .team-member-img -->\n\t\t\t\t\t\t\t\t\t\t\n\t\t\t<div class=\"team-member-description\">\n\n\t\t\t\t<div class=\"team-header-info clearfix\">\n\n\t\t\t\t\t<div class=\"team-name\">\n\t\t\t\t\t\t<h4 class=\"team-member-name\"><a href=\"https:\/\/sandbox.devichyavocats.com\/?team=amanda-inkel-avocate&#038;lang=fr\">Amanda Inkel, avocate en droit familial et jeunesse<\/a><\/h4>\n\n\t\t\t\t\t\t\t\t\t\t\t<\/div><!-- END .team-name -->\n\t\t\t\t\t\t\t\t\t\t\t\t\n\t\t\t\t\t\t\t\t\t\t\t\t\n\t\t\t\t<\/div><!-- END .team-header-info -->\n\n\t\t\t\t\n\t\t\t\t\t<div class=\"spacer\" style=\"height:10px;\"><\/div>\n\t\t\t\t\t<div class=\"team-member-content\">\n\t\t\t\t\t\t<div class=\"spacer\" style=\"height:15px;\"><\/div><p class=\"nbm\">Devichy Avocats est fier de compter parmi ses rangs une avocate comme Me Amanda Inkel pour notre bureau de Sherbrooke.&hellip;<\/p>\t\t\t\t\t<\/div><!-- END .team-member-content -->\n\t\t\t\t\n\t\t\t\t<a class=\"simple-read-more\" href=\"https:\/\/sandbox.devichyavocats.com\/?team=amanda-inkel-avocate&#038;lang=fr\" target=\"_self\">View Profile<\/a>\n\t\t\t<\/div><!-- END .team-member-description -->\t\n\n\t\t<\/div><!-- END .team-member-box -->\n\n\t\t<\/div><div class=\"col-4\">\n\t\t<div class=\"team-member-box\">\n\t\t\t\t\t\t\t\t\t\n\t\t\t<div class=\"team-member-img\">\n\n\t\t\t\t<img decoding=\"async\" src=\"https:\/\/sandbox.devichyavocats.com\/wp-content\/uploads\/2019\/04\/Xavier-Cormier-avocat-2022-carre-scaled-350x350.jpg\" alt=\"Xavier Cormier, avocat en droit criminel\"\/>\n\t\t\t\t\t\t\t\t\t\t<ul class=\"social-icons dark\">\n\t\t\t\t\t\n\t\t\t\t\t\t\n\t\t\t\t\t\t\t\n\t\t\t\t\t\t\t\n\t\t\t\t\t\t\t\n\t\t\t\t\t\t\t\n\t\t\t\t\t\t\t\n\t\t\t\t\t\t\t\n\t\t\t\t\t\t\t\n\t\t\t\t\t\t\t\n\t\t\t\t\t\t\t\n\t\t\t\t\t\t\t\n\t\t\t\t\t\t\t\n\t\t\t\t\t\t\t\n\t\t\t\t\t\t\t\n\t\t\t\t\t\t\t\n\t\t\t\t\t\t\t\n\t\t\t\t\t\t\t\n\t\t\t\t\t\t\t\n\t\t\t\t\t\t\t\n\t\t\t\t\t\t\t\n\t\t\t\t\t\t\t\n\t\t\t\t\t\t\t\n\t\t\t\t\t\t\t\n\t\t\t\t\t\t\t\n\t\t\t\t\t\t\t\n\t\t\t\t\t\t\t\n\t\t\t\t\t\t\t\n\t\t\t\t\t\t\t\n\t\t\t\t\t\t\t\n\t\t\t\t\t\t\t\n\t\t\t\t\t\t\t\n\t\t\t\t\t\t\t\n\t\t\t\t\t\t\t\n\t\t\t\t\t\t\t\n\t\t\t\t\t\t\t\n\t\t\t\t\t\t\t\n\t\t\t\t\t\t\t\t\t\t\t\t<\/ul>\n\t\t\t\t\t\n\t\t\t\t\t\t\t<\/div><!-- END .team-member-img -->\n\t\t\t\t\t\t\t\t\t\t\n\t\t\t<div class=\"team-member-description\">\n\n\t\t\t\t<div class=\"team-header-info clearfix\">\n\n\t\t\t\t\t<div class=\"team-name\">\n\t\t\t\t\t\t<h4 class=\"team-member-name\"><a href=\"https:\/\/sandbox.devichyavocats.com\/?team=xavier-cormier-avocat&#038;lang=fr\">Xavier Cormier, avocat en droit criminel<\/a><\/h4>\n\n\t\t\t\t\t\t\t\t\t\t\t<\/div><!-- END .team-name -->\n\t\t\t\t\t\t\t\t\t\t\t\t\n\t\t\t\t\t\t\t\t\t\t\t\t\n\t\t\t\t<\/div><!-- END .team-header-info -->\n\n\t\t\t\t\n\t\t\t\t\t<div class=\"spacer\" style=\"height:10px;\"><\/div>\n\t\t\t\t\t<div class=\"team-member-content\">\n\t\t\t\t\t\t<div class=\"spacer\" style=\"height:15px;\"><\/div><p class=\"nbm\">Me Xavier Cormier est avocat senior en droit criminel. Il assume pr\u00e9sentement un r\u00f4le de direction au sein du cabinet&hellip;<\/p>\t\t\t\t\t<\/div><!-- END .team-member-content -->\n\t\t\t\t\n\t\t\t\t<a class=\"simple-read-more\" href=\"https:\/\/sandbox.devichyavocats.com\/?team=xavier-cormier-avocat&#038;lang=fr\" target=\"_self\">View Profile<\/a>\n\t\t\t<\/div><!-- END .team-member-description -->\t\n\n\t\t<\/div><!-- END .team-member-box -->\n\n\t\t<\/div><\/div><div class=\"row\"><div class=\"col-4\">\n\t\t<div class=\"team-member-box\">\n\t\t\t\t\t\t\t\t\t\n\t\t\t<div class=\"team-member-img\">\n\n\t\t\t\t<img decoding=\"async\" src=\"https:\/\/sandbox.devichyavocats.com\/wp-content\/uploads\/2021\/10\/Louis-Alexandre-Martin-carre-scaled-350x350.jpg\" alt=\"Louis-Alexandre Martin, avocat en droit criminel\"\/>\n\t\t\t\t\t\t\t\t\t\t<ul class=\"social-icons dark\">\n\t\t\t\t\t\n\t\t\t\t\t\t\n\t\t\t\t\t\t\t\n\t\t\t\t\t\t\t\n\t\t\t\t\t\t\t\n\t\t\t\t\t\t\t\n\t\t\t\t\t\t\t\n\t\t\t\t\t\t\t\n\t\t\t\t\t\t\t\n\t\t\t\t\t\t\t\n\t\t\t\t\t\t\t\n\t\t\t\t\t\t\t\n\t\t\t\t\t\t\t\n\t\t\t\t\t\t\t\n\t\t\t\t\t\t\t\n\t\t\t\t\t\t\t\n\t\t\t\t\t\t\t\n\t\t\t\t\t\t\t\n\t\t\t\t\t\t\t\n\t\t\t\t\t\t\t\n\t\t\t\t\t\t\t\n\t\t\t\t\t\t\t\n\t\t\t\t\t\t\t\n\t\t\t\t\t\t\t\n\t\t\t\t\t\t\t\n\t\t\t\t\t\t\t\n\t\t\t\t\t\t\t\n\t\t\t\t\t\t\t\n\t\t\t\t\t\t\t\n\t\t\t\t\t\t\t\n\t\t\t\t\t\t\t\n\t\t\t\t\t\t\t\n\t\t\t\t\t\t\t\n\t\t\t\t\t\t\t\n\t\t\t\t\t\t\t\n\t\t\t\t\t\t\t\n\t\t\t\t\t\t\t\n\t\t\t\t\t\t\t\t\t\t\t\t<\/ul>\n\t\t\t\t\t\n\t\t\t\t\t\t\t<\/div><!-- END .team-member-img -->\n\t\t\t\t\t\t\t\t\t\t\n\t\t\t<div class=\"team-member-description\">\n\n\t\t\t\t<div class=\"team-header-info clearfix\">\n\n\t\t\t\t\t<div class=\"team-name\">\n\t\t\t\t\t\t<h4 class=\"team-member-name\"><a href=\"https:\/\/sandbox.devichyavocats.com\/?team=louis-alexandre-martin-avocat&#038;lang=fr\">Louis-Alexandre Martin, avocat en droit criminel<\/a><\/h4>\n\n\t\t\t\t\t\t\t\t\t\t\t<\/div><!-- END .team-name -->\n\t\t\t\t\t\t\t\t\t\t\t\t\n\t\t\t\t\t\t\t\t\t\t\t\t\n\t\t\t\t<\/div><!-- END .team-header-info -->\n\n\t\t\t\t\n\t\t\t\t\t<div class=\"spacer\" style=\"height:10px;\"><\/div>\n\t\t\t\t\t<div class=\"team-member-content\">\n\t\t\t\t\t\t<div class=\"spacer\" style=\"height:15px;\"><\/div><p class=\"nbm\">Me Louis-Alexandre Martin est un avocat criminaliste comptant plus de 10 ans d&rsquo;exp\u00e9rience. Dans les derni\u00e8res ann\u00e9es, il a occup\u00e9&hellip;<\/p>\t\t\t\t\t<\/div><!-- END .team-member-content -->\n\t\t\t\t\n\t\t\t\t<a class=\"simple-read-more\" href=\"https:\/\/sandbox.devichyavocats.com\/?team=louis-alexandre-martin-avocat&#038;lang=fr\" target=\"_self\">View Profile<\/a>\n\t\t\t<\/div><!-- END .team-member-description -->\t\n\n\t\t<\/div><!-- END .team-member-box -->\n\n\t\t<\/div><div class=\"col-4\">\n\t\t<div class=\"team-member-box\">\n\t\t\t\t\t\t\t\t\t\n\t\t\t<div class=\"team-member-img\">\n\n\t\t\t\t<img decoding=\"async\" src=\"https:\/\/sandbox.devichyavocats.com\/wp-content\/uploads\/2024\/10\/Serge-Grimard-e1728487694592-350x350.png\" alt=\"Serge Grimard, avocat en droit civil\"\/>\n\t\t\t\t\t\t\t\t\t\t<ul class=\"social-icons dark\">\n\t\t\t\t\t\n\t\t\t\t\t\t\n\t\t\t\t\t\t\t\n\t\t\t\t\t\t\t\n\t\t\t\t\t\t\t\n\t\t\t\t\t\t\t\n\t\t\t\t\t\t\t\n\t\t\t\t\t\t\t\n\t\t\t\t\t\t\t\n\t\t\t\t\t\t\t\n\t\t\t\t\t\t\t\n\t\t\t\t\t\t\t\n\t\t\t\t\t\t\t\n\t\t\t\t\t\t\t\n\t\t\t\t\t\t\t\n\t\t\t\t\t\t\t\n\t\t\t\t\t\t\t\n\t\t\t\t\t\t\t\n\t\t\t\t\t\t\t\n\t\t\t\t\t\t\t\n\t\t\t\t\t\t\t\n\t\t\t\t\t\t\t\n\t\t\t\t\t\t\t\n\t\t\t\t\t\t\t\n\t\t\t\t\t\t\t\n\t\t\t\t\t\t\t\n\t\t\t\t\t\t\t\n\t\t\t\t\t\t\t\n\t\t\t\t\t\t\t\n\t\t\t\t\t\t\t\n\t\t\t\t\t\t\t\n\t\t\t\t\t\t\t\n\t\t\t\t\t\t\t\n\t\t\t\t\t\t\t\n\t\t\t\t\t\t\t\n\t\t\t\t\t\t\t\n\t\t\t\t\t\t\t\n\t\t\t\t\t\t\t\t\t\t\t\t<\/ul>\n\t\t\t\t\t\n\t\t\t\t\t\t\t<\/div><!-- END .team-member-img -->\n\t\t\t\t\t\t\t\t\t\t\n\t\t\t<div class=\"team-member-description\">\n\n\t\t\t\t<div class=\"team-header-info clearfix\">\n\n\t\t\t\t\t<div class=\"team-name\">\n\t\t\t\t\t\t<h4 class=\"team-member-name\"><a href=\"https:\/\/sandbox.devichyavocats.com\/?team=serge-grimard-avocat&#038;lang=fr\">Serge Grimard, avocat en droit civil<\/a><\/h4>\n\n\t\t\t\t\t\t\t\t\t\t\t<\/div><!-- END .team-name -->\n\t\t\t\t\t\t\t\t\t\t\t\t\n\t\t\t\t\t\t\t\t\t\t\t\t\n\t\t\t\t<\/div><!-- END .team-header-info -->\n\n\t\t\t\t\n\t\t\t\t\t<div class=\"spacer\" style=\"height:10px;\"><\/div>\n\t\t\t\t\t<div class=\"team-member-content\">\n\t\t\t\t\t\t<div class=\"spacer\" style=\"height:15px;\"><\/div><p class=\"nbm\">Plaideur, praticien chevronn\u00e9 et fort d\u2019une expertise de pratiquement 25 ans notamment acquise au sein des grandes firmes montr\u00e9alaises, Me&hellip;<\/p>\t\t\t\t\t<\/div><!-- END .team-member-content -->\n\t\t\t\t\n\t\t\t\t<a class=\"simple-read-more\" href=\"https:\/\/sandbox.devichyavocats.com\/?team=serge-grimard-avocat&#038;lang=fr\" target=\"_self\">View Profile<\/a>\n\t\t\t<\/div><!-- END .team-member-description -->\t\n\n\t\t<\/div><!-- END .team-member-box -->\n\n\t\t<\/div><div class=\"col-4\">\n\t\t<div class=\"team-member-box\">\n\t\t\t\t\t\t\t\t\t\n\t\t\t<div class=\"team-member-img\">\n\n\t\t\t\t<img decoding=\"async\" src=\"https:\/\/sandbox.devichyavocats.com\/wp-content\/uploads\/2022\/08\/Margherita-Morsella-carre-350x350.jpg\" alt=\"Margherita M. Morsella, avocate en droit de la famille et en droit de la sant\u00e9\"\/>\n\t\t\t\t\t\t\t\t\t\t<ul class=\"social-icons dark\">\n\t\t\t\t\t\n\t\t\t\t\t\t\n\t\t\t\t\t\t\t\n\t\t\t\t\t\t\t\n\t\t\t\t\t\t\t\n\t\t\t\t\t\t\t\n\t\t\t\t\t\t\t\n\t\t\t\t\t\t\t\n\t\t\t\t\t\t\t\n\t\t\t\t\t\t\t\n\t\t\t\t\t\t\t\n\t\t\t\t\t\t\t\n\t\t\t\t\t\t\t\n\t\t\t\t\t\t\t\n\t\t\t\t\t\t\t\n\t\t\t\t\t\t\t\n\t\t\t\t\t\t\t\n\t\t\t\t\t\t\t\n\t\t\t\t\t\t\t\n\t\t\t\t\t\t\t\n\t\t\t\t\t\t\t\n\t\t\t\t\t\t\t\n\t\t\t\t\t\t\t\n\t\t\t\t\t\t\t\n\t\t\t\t\t\t\t\n\t\t\t\t\t\t\t\n\t\t\t\t\t\t\t\n\t\t\t\t\t\t\t\n\t\t\t\t\t\t\t\n\t\t\t\t\t\t\t\n\t\t\t\t\t\t\t\n\t\t\t\t\t\t\t\n\t\t\t\t\t\t\t\n\t\t\t\t\t\t\t\n\t\t\t\t\t\t\t\n\t\t\t\t\t\t\t\n\t\t\t\t\t\t\t\n\t\t\t\t\t\t\t\t\t\t\t\t<\/ul>\n\t\t\t\t\t\n\t\t\t\t\t\t\t<\/div><!-- END .team-member-img -->\n\t\t\t\t\t\t\t\t\t\t\n\t\t\t<div class=\"team-member-description\">\n\n\t\t\t\t<div class=\"team-header-info clearfix\">\n\n\t\t\t\t\t<div class=\"team-name\">\n\t\t\t\t\t\t<h4 class=\"team-member-name\"><a href=\"https:\/\/sandbox.devichyavocats.com\/?team=margherita-m-morsella-avocate&#038;lang=fr\">Margherita M. Morsella, avocate en droit de la famille et en droit de la sant\u00e9<\/a><\/h4>\n\n\t\t\t\t\t\t\t\t\t\t\t<\/div><!-- END .team-name -->\n\t\t\t\t\t\t\t\t\t\t\t\t\n\t\t\t\t\t\t\t\t\t\t\t\t\n\t\t\t\t<\/div><!-- END .team-header-info -->\n\n\t\t\t\t\n\t\t\t\t\t<div class=\"spacer\" style=\"height:10px;\"><\/div>\n\t\t\t\t\t<div class=\"team-member-content\">\n\t\t\t\t\t\t<div class=\"spacer\" style=\"height:15px;\"><\/div><p class=\"nbm\">Margherita M. Morsella est avocate et auteure. Elle a fr\u00e9quent\u00e9 les bancs de nombreuses universit\u00e9s \u00e0 travers le monde (Canada,&hellip;<\/p>\t\t\t\t\t<\/div><!-- END .team-member-content -->\n\t\t\t\t\n\t\t\t\t<a class=\"simple-read-more\" href=\"https:\/\/sandbox.devichyavocats.com\/?team=margherita-m-morsella-avocate&#038;lang=fr\" target=\"_self\">View Profile<\/a>\n\t\t\t<\/div><!-- END .team-member-description -->\t\n\n\t\t<\/div><!-- END .team-member-box -->\n\n\t\t<\/div><\/div><\/div>[\/vc_column][\/vc_row]\n<\/div>","protected":false},"excerpt":{"rendered":"<p>[vc_row full_height=\u00a0\u00bbyes\u00a0\u00bb parallax=\u00a0\u00bbcontent-moving\u00a0\u00bb parallax_image=\u00a0\u00bb3931&Prime; animation=\u00a0\u00bbbottom-to-top\u00a0\u00bb fullwidth=\u00a0\u00bbyes\u00a0\u00bb bg_type=\u00a0\u00bbbg_image\u00a0\u00bb el_class=\u00a0\u00bbc-hero\u00a0\u00bb][vc_column width=\u00a0\u00bb1\/2&Prime; css=\u00a0\u00bb.vc_custom_1625081672428{padding-top: 40px !important;padding-right: 40px !important;padding-bottom: 40px !important;padding-left: 40px !important;background-color: rgba(0,0,0,0.31) !important;*background-color: [&hellip;]<\/p>\n","protected":false},"author":4,"featured_media":0,"parent":0,"menu_order":0,"comment_status":"closed","ping_status":"closed","template":"","meta":{"footnotes":""},"class_list":["post-1705","page","type-page","status-publish","hentry"],"_links":{"self":[{"href":"https:\/\/sandbox.devichyavocats.com\/index.php?rest_route=\/wp\/v2\/pages\/1705","targetHints":{"allow":["GET"]}}],"collection":[{"href":"https:\/\/sandbox.devichyavocats.com\/index.php?rest_route=\/wp\/v2\/pages"}],"about":[{"href":"https:\/\/sandbox.devichyavocats.com\/index.php?rest_route=\/wp\/v2\/types\/page"}],"author":[{"embeddable":true,"href":"https:\/\/sandbox.devichyavocats.com\/index.php?rest_route=\/wp\/v2\/users\/4"}],"replies":[{"embeddable":true,"href":"https:\/\/sandbox.devichyavocats.com\/index.php?rest_route=%2Fwp%2Fv2%2Fcomments&post=1705"}],"version-history":[{"count":8,"href":"https:\/\/sandbox.devichyavocats.com\/index.php?rest_route=\/wp\/v2\/pages\/1705\/revisions"}],"predecessor-version":[{"id":4984,"href":"https:\/\/sandbox.devichyavocats.com\/index.php?rest_route=\/wp\/v2\/pages\/1705\/revisions\/4984"}],"wp:attachment":[{"href":"https:\/\/sandbox.devichyavocats.com\/index.php?rest_route=%2Fwp%2Fv2%2Fmedia&parent=1705"}],"curies":[{"name":"wp","href":"https:\/\/api.w.org\/{rel}","templated":true}]}}