{"id":1828,"date":"2020-08-27T18:52:29","date_gmt":"2020-08-27T18:52:29","guid":{"rendered":"https:\/\/sandbox.devichyavocats.com\/?page_id=1828"},"modified":"2024-05-29T14:45:48","modified_gmt":"2024-05-29T14:45:48","slug":"joignez-vous-a-notre-equipe-de-reve","status":"publish","type":"page","link":"https:\/\/sandbox.devichyavocats.com\/?page_id=1828&lang=fr","title":{"rendered":"Joignez-vous \u00e0 notre \u00e9quipe de r\u00eave!"},"content":{"rendered":"<div class=\"wpb-content-wrapper\">[vc_row full_width=\u00a0\u00bbstretch_row_content_no_spaces\u00a0\u00bb full_height=\u00a0\u00bbyes\u00a0\u00bb parallax=\u00a0\u00bbcontent-moving\u00a0\u00bb parallax_image=\u00a0\u00bb3611&Prime; fullwidth=\u00a0\u00bbyes\u00a0\u00bb el_class=\u00a0\u00bbc-hero\u00a0\u00bb][vc_column css_animation=\u00a0\u00bbslideInLeft\u00a0\u00bb width=\u00a0\u00bb1\/2&Prime; css=\u00a0\u00bb.vc_custom_1651858250121{background-color: rgba(0,0,0,0.31) !important;*background-color: rgb(0,0,0) !important;}\u00a0\u00bb][vc_column_text]\n<h1 style=\"text-align: center; color: #ffffff;\">Carri\u00e8res<\/h1>\n<h2 style=\"text-align: center; color: #ffffff;\"><em>Joignez vous \u00e0 notre \u00e9quipe de r\u00eave!<\/em><\/h2>\n[\/vc_column_text][\/vc_column][vc_column width=\u00a0\u00bb1\/2&Prime;][\/vc_column][\/vc_row][vc_row][vc_column][vc_column_text css=\u00a0\u00bb\u00a0\u00bb]<b>DEVENEZ MEMBRE DE NOTRE <em>\u00c9QUIPE DE R\u00caVE<\/em><\/b><b>\u00a0ET B\u00c9N\u00c9FICIEZ\u2026 <\/b><b><\/b><\/p>\n<p><b>De la notori\u00e9t\u00e9 d\u2019un cabinet en forte expansion<\/b><\/p>\n<p>Vous avez entendu parler de Devichy r\u00e9cemment? Rien de surprenant. Nous avons connu une croissance exceptionnelle ces derni\u00e8res ann\u00e9es et comptons d\u00e9sormais plus de 40 avocats. Quatre de nos avocats qui nous avaient quitt\u00e9 pour tenter d&rsquo;autres exp\u00e9riences sont d&rsquo;ailleurs rapidement revenus chez nous, comme <a href=\"https:\/\/www.droit-inc.com\/article51011-De-retour-chez-Devichy-Avocats\" target=\"_blank\" rel=\"noopener\">cette fois-ci<\/a> et <a href=\"https:\/\/www.droit-inc.com\/article29277-Un-retour-spontane-chez-Devichy-Avocats\" target=\"_blank\" rel=\"noopener\">cette fois-l\u00e0<\/a>.<\/p>\n<p>Nos clients qui le souhaitent peuvent venir nous rencontrer en personne \u00e0 l&rsquo;un de nos 13 bureaux r\u00e9partis \u00e0 travers la province.<\/p>\n<p><b>De fortes valeurs\u2026<\/b><\/p>\n<p><span style=\"font-weight: 400;\">Nous mettons un point d\u2019honneur au respect de l\u2019autonomie de nos avocats, qui poss\u00e8dent une grande latitude dans la gestion de leurs dossiers et de leur vie ou encore dans le choix de leur lieu et horaire de travail.\u00a0 Une de nos employ\u00e9s a travaill\u00e9 pendant 2 mois <a href=\"https:\/\/www.droit-inc.com\/article51411-Travailler-dans-le-Sud-cette-avocate-tente-le-coup\" target=\"_blank\" rel=\"noopener\">\u00e0 partir de la R\u00e9publique Dominicaine<\/a>, nos autres employ\u00e9s qui restent ici ont acc\u00e8s \u00e0 un chalet-de-travail!<\/span><\/p>\n<p><span style=\"font-weight: 400;\">Pas besoin de nous demander la permission pour aller chez le dentiste ou faire une course pendant la journ\u00e9e. Les heures facturables demand\u00e9es sont tr\u00e8s raisonnables : vous ne passerez pas vos soir\u00e9es au bureau !\u00a0<\/span><\/p>\n<p><span style=\"font-weight: 400;\">Nous supportons nos employ\u00e9s &#8211; que Me Veronica Vallelonga surnomme affectueusement la <\/span><b><i>Dream Team<\/i><\/b> <span style=\"font-weight: 400;\">&#8211; dans l\u2019accomplissement de notre mission en tant qu\u2019avocats qui est d\u2019aider les gens.<\/span><\/p>\n<p><span style=\"font-weight: 400;\">Chez Devichy Avocats, nous sommes <\/span><b>une startup du droit qui a l\u2019humain \u00e0 c\u0153ur<\/b><span style=\"font-weight: 400;\">. Et ce n\u2019est pas qu\u2019un slogan. Lisez le <\/span><a href=\"https:\/\/www.droit-inc.com\/article34411-Un-cabinet-quebecois-humanise-le-metier-d-avocat\" target=\"_blank\" rel=\"noopener\"><span style=\"font-weight: 400;\">portrait d\u00e9taill\u00e9 du cabinet Devichy<\/span><\/a><span style=\"font-weight: 400;\">.<\/span><\/p>\n<p><span style=\"font-weight: 400;\">C\u00f4t\u00e9 communaut\u00e9, Devichy se mobilise r\u00e9guli\u00e8rement pour \u00eatre membre ou partenaire d\u2019associations r\u00e9gionales ayant pour mission l\u2019avancement et l\u2019\u00e9volution de l\u2019acc\u00e8s au droit. L\u2019implication du cabinet Devichy se fait notamment \u00e0 travers l\u2019attribution de dons, le partage d\u2019informations et une participation active aux \u00e9v\u00e8nements organis\u00e9s par les diff\u00e9rents organismes. <\/span><a href=\"https:\/\/sandbox.devichyavocats.com\/fr\/notre-mission\/\"><span style=\"font-weight: 400;\">D\u00e9couvrez nos engagements communautaires.\u00a0<\/span><\/a><\/p>\n<p><b>D\u2019avantages consid\u00e9rables\u2026<\/b><\/p>\n<p><span style=\"font-weight: 400;\">D\u00e8s votre arriv\u00e9e, vous aurez vos propres dossiers int\u00e9ressants que vous piloterez de A \u00e0 Z !\u00a0<\/span><\/p>\n<p><span style=\"font-weight: 400;\">Vous b\u00e9n\u00e9ficierez \u00e9galement d\u2019outils 2.0 pour organiser votre quotidien : logiciel de gestion de projet, r\u00e9seau social interne, outil d\u2019aide \u00e0 la planification de rendez-vous\u2026\u00a0<\/span><\/p>\n<p><span style=\"font-weight: 400;\">L\u2019\u00e9coute et l\u2019\u00e9change sont primordiaux chez nous c\u2019est pourquoi l\u2019\u00e9quipe de direction vous sondera de mani\u00e8re hebdomadaire pour veiller \u00e0 votre bien-\u00eatre et \u00e0 votre charge de travail.<\/span><\/p>\n<p><span style=\"font-weight: 400;\">Nous offrons \u00e9galement un programme de bonification annuelle.<\/span><\/p>\n<p><span style=\"font-weight: 400;\">Aussi, en tant que cabinet moderne qui se respecte, Devichy poss\u00e8de une pr\u00e9sence tr\u00e8s active sur ses r\u00e9seaux sociaux afin de diffuser de l&rsquo;information juridique, de montrer fi\u00e8rement les membres de son \u00e9quipe (#dreamteammember), de partager le quotidien de nos bureaux et de mettre en lumi\u00e8re certaines de nos causes plaid\u00e9es !\u00a0<\/span><\/p>\n<p><span style=\"font-weight: 400;\">Enfin, l\u2019ambiance est positive et depuis peu de temps, le cabinet a repris de bonnes habitudes ! Tous les mois, on se donne rendez-vous pour un 5 \u00e0 7 rempli d\u2019ondes positives et de moments de partage. Ces moments sont tr\u00e8s appr\u00e9ci\u00e9s de notre team et favorisent la coh\u00e9sion d\u2019\u00e9quipe !\u00a0<\/span><\/p>\n<p><b>POSTES VACANTS\u00a0<\/b><\/p>\n<p><span style=\"font-weight: 400;\">En 2024, nous d\u00e9sirons accueillir 15 nouveaux avocats dans notre \u00e9quipe de r\u00eave: droit familial, litige, droit criminel et DPJ, et ce, dans pratiquement tous les districts judiciaires couvrant une population de taille moyenne ou grande.<\/span><\/p>\n<p><span style=\"font-weight: 400;\">Nous souhaitons vous parler d\u00e8s maintenant, ou lorsque vous vous sentirez pr\u00eat \u00e0 faire le saut!<\/span><\/p>\n<p><span style=\"font-weight: 400;\">Communiquez avec nous par courriel sur veronicavallelonga@sandbox.devichyavocats.com (Me Vallelonga recevra ce courriel directement).<\/span>[\/vc_column_text][\/vc_column][\/vc_row][vc_row][vc_column width=\u00a0\u00bb1\/2&Prime;]<a href=\"https:\/\/sandbox.devichyavocats.com\/fr\/postes-vacants\/\" class=\"hb-button hb-midnight-blue hb-default-button no-three-d hb-push-button\" target=\"_self\" style=\"-webkit-border-radius: 2px;-moz-border-radius: 2px;border-radius: 2px;\"><span class=\"hb-push-button-text\">Postes vacants<\/span><\/a>[\/vc_column][vc_column width=\u00a0\u00bb1\/2&Prime;][\/vc_column][\/vc_row]\n<\/div>","protected":false},"excerpt":{"rendered":"<p>[vc_row full_width=\u00a0\u00bbstretch_row_content_no_spaces\u00a0\u00bb full_height=\u00a0\u00bbyes\u00a0\u00bb parallax=\u00a0\u00bbcontent-moving\u00a0\u00bb parallax_image=\u00a0\u00bb3611&Prime; fullwidth=\u00a0\u00bbyes\u00a0\u00bb el_class=\u00a0\u00bbc-hero\u00a0\u00bb][vc_column css_animation=\u00a0\u00bbslideInLeft\u00a0\u00bb width=\u00a0\u00bb1\/2&Prime; css=\u00a0\u00bb.vc_custom_1651858250121{background-color: rgba(0,0,0,0.31) !important;*background-color: rgb(0,0,0) !important;}\u00a0\u00bb][vc_column_text] Carri\u00e8res Joignez vous \u00e0 notre \u00e9quipe [&hellip;]<\/p>\n","protected":false},"author":4,"featured_media":0,"parent":0,"menu_order":0,"comment_status":"closed","ping_status":"closed","template":"","meta":{"footnotes":""},"class_list":["post-1828","page","type-page","status-publish","hentry"],"_links":{"self":[{"href":"https:\/\/sandbox.devichyavocats.com\/index.php?rest_route=\/wp\/v2\/pages\/1828","targetHints":{"allow":["GET"]}}],"collection":[{"href":"https:\/\/sandbox.devichyavocats.com\/index.php?rest_route=\/wp\/v2\/pages"}],"about":[{"href":"https:\/\/sandbox.devichyavocats.com\/index.php?rest_route=\/wp\/v2\/types\/page"}],"author":[{"embeddable":true,"href":"https:\/\/sandbox.devichyavocats.com\/index.php?rest_route=\/wp\/v2\/users\/4"}],"replies":[{"embeddable":true,"href":"https:\/\/sandbox.devichyavocats.com\/index.php?rest_route=%2Fwp%2Fv2%2Fcomments&post=1828"}],"version-history":[{"count":20,"href":"https:\/\/sandbox.devichyavocats.com\/index.php?rest_route=\/wp\/v2\/pages\/1828\/revisions"}],"predecessor-version":[{"id":4770,"href":"https:\/\/sandbox.devichyavocats.com\/index.php?rest_route=\/wp\/v2\/pages\/1828\/revisions\/4770"}],"wp:attachment":[{"href":"https:\/\/sandbox.devichyavocats.com\/index.php?rest_route=%2Fwp%2Fv2%2Fmedia&parent=1828"}],"curies":[{"name":"wp","href":"https:\/\/api.w.org\/{rel}","templated":true}]}}