{"id":3401,"date":"2022-03-11T19:05:44","date_gmt":"2022-03-11T19:05:44","guid":{"rendered":"https:\/\/sandbox.devichyavocats.com\/?page_id=3401"},"modified":"2023-08-17T12:28:04","modified_gmt":"2023-08-17T12:28:04","slug":"droit-familial-international","status":"publish","type":"page","link":"https:\/\/sandbox.devichyavocats.com\/?page_id=3401&lang=fr","title":{"rendered":"Droit familial international"},"content":{"rendered":"<div class=\"wpb-content-wrapper\">[vc_row full_height=\u00a0\u00bbyes\u00a0\u00bb parallax=\u00a0\u00bbcontent-moving\u00a0\u00bb parallax_image=\u00a0\u00bb3403&Prime; fullwidth=\u00a0\u00bbyes\u00a0\u00bb el_class=\u00a0\u00bbc-hero\u00a0\u00bb][vc_column width=\u00a0\u00bb1\/2&Prime; css=\u00a0\u00bb.vc_custom_1635790548538{padding-top: 40px !important;padding-right: 40px !important;padding-bottom: 40px !important;padding-left: 40px !important;background-color: rgba(0,0,0,0.31) !important;*background-color: rgb(0,0,0) !important;border-radius: 10px !important;}\u00a0\u00bb animation_delay=\u00a0\u00bb1000&Prime;]<div class=\"shortcode-wrapper shortcode-title clearfix\"><h1 style=\"color:#ffffff!important;border-color:#ffffff\" class=\"aligncenter\">Droit familial international<\/h1><\/div>[vc_column_text css=\u00a0\u00bb.vc_custom_1628529061216{margin-top: 40px !important;}\u00a0\u00bb]<div class=\"su-button-center\"><a href=\"https:\/\/devichy.appointlet.com\/\" class=\"su-button su-button-style-default c-custom-btn c-custom-btn--violet\" style=\"color:#000000;background-color:#f6f6f6;border-color:#c5c5c5;border-radius:5px\" target=\"_blank\" onClick=\"gtag(&#039;event&#039;, &#039;Click appointlet&#039;, {event_category: &#039;Booking&#039;, event_label: &#039;Click appointlet&#039;});\" rel=\"noopener noreferrer\"><span style=\"color:#000000;padding:0px 16px;font-size:13px;line-height:26px;border-color:#f9f9f9;border-radius:5px;text-shadow:none\"> Prenez rendez-vous avec l&rsquo;un de nos avocats<\/span><\/a><\/div>[\/vc_column_text][\/vc_column][vc_column width=\u00a0\u00bb1\/2&Prime;][\/vc_column][\/vc_row][vc_row][vc_column width=\u00a0\u00bb1\/3&Prime; animation_delay=\u00a0\u00bb500&Prime;]<div class=\"shortcode-wrapper shortcode-title clearfix title-bordered\"><div class=\"aligncenter\"><h2 class=\"hb-bordered-heading aligncenter\">Notre \u00e9quipe en droit familial international<\/h2><\/div><\/div>[vc_empty_space][vc_column_text]\n<p dir=\"ltr\">Notre \u00e9quipe d\u2019avocats senior et junior vous repr\u00e9senteront et vous d\u00e9fendront quelle que soit votre probl\u00e9matique de droit familial international.<\/p>\n<p dir=\"ltr\">De nature g\u00e9n\u00e9ralement tr\u00e8s complexe, les affaires de droit familial international n\u00e9cessitent une \u00e9coute et une combativit\u00e9 \u00e0 toute \u00e9preuve.<\/p>\n<p dir=\"ltr\">C\u2019est d\u2019ailleurs pour l\u2019une de ces raisons que notre \u00e9quipe en droit de la famille compte d\u00e9sormais plus de 30 avocats au Qu\u00e9bec. Parce que nos clients nous font confiance et ont la certitude que nous ferons tout ce qui est en notre pouvoir pour obtenir gain de cause.<\/p>\n<p dir=\"ltr\">Vous avez besoin d\u2019\u00eatre aid\u00e9s et d\u00e9fendus pour :<\/p>\n<ul>\n<li dir=\"ltr\">\n<p dir=\"ltr\" role=\"presentation\">Une demande d&rsquo;autorisation de voyager avec un enfant \u00e0 l&rsquo;\u00e9tranger ;<\/p>\n<\/li>\n<li dir=\"ltr\">\n<p dir=\"ltr\" role=\"presentation\">Une demande d&rsquo;autorisation de d\u00e9m\u00e9nager avec un enfant \u00e0 l&rsquo;\u00e9tranger ;<\/p>\n<\/li>\n<li dir=\"ltr\">\n<p dir=\"ltr\" role=\"presentation\">Une demande li\u00e9e \u00e0 l&rsquo;enl\u00e8vement d\u2019enfants ;<\/p>\n<\/li>\n<li dir=\"ltr\">\n<p dir=\"ltr\" role=\"presentation\">Une demande de retour d&rsquo;un enfant au Qu\u00e9bec ;<\/p>\n<\/li>\n<li dir=\"ltr\">\n<p dir=\"ltr\" role=\"presentation\">Une demande d\u2019application des r\u00e8gles et r\u00e9gimes matrimoniaux \u00e9trangers pour un mariage ou divorce au Qu\u00e9bec ;<\/p>\n<\/li>\n<li dir=\"ltr\">\n<p dir=\"ltr\" role=\"presentation\">Une demande d\u2019ex\u00e9cution et reconnaissance de jugements \u00e9trangers au Qu\u00e9bec ;<\/p>\n<\/li>\n<li dir=\"ltr\">\n<p dir=\"ltr\" role=\"presentation\">Des enjeux Juridictionnels tels qu\u2019une comp\u00e9tence territoriale, une contestation de juridiction, une litispendance ;<\/p>\n<\/li>\n<li dir=\"ltr\">\n<p dir=\"ltr\" role=\"presentation\">Une demande de collaboration avec avocats \u00e9trangers quant \u00e0 l&rsquo;application du droit familial Qu\u00e9b\u00e9cois;<\/p>\n<\/li>\n<\/ul>\n<p>&nbsp;<\/p>\n<p dir=\"ltr\">Vous reconnaissez l\u2019une de vos probl\u00e9matiques dans la liste ci-dessous ? Prenez contact avec nous sans plus tarder !<\/p>\n<p dir=\"ltr\">Nous pouvons vous repr\u00e9senter si vous \u00eates pr\u00e9sentement au Qu\u00e9bec ou \u00e0 l\u2019\u00e9tranger \u00e0 condition que vous ayez un recours \u00e0 faire valoir au Qu\u00e9bec ou que vous souhaitez contester la comp\u00e9tence du tribunal Qu\u00e9b\u00e9cois.<\/p>\n<p dir=\"ltr\">Si vous avez d\u00e9j\u00e0 entam\u00e9 une proc\u00e9dure \u00e0 l\u2019\u00e9tranger, nous ne pourrons intervenir qu\u2019en tant que Conseiller en droit Qu\u00e9b\u00e9cois.<\/p>\n[\/vc_column_text][vc_column_text]<div class=\"su-button-center\"><a href=\"https:\/\/devichy.appointlet.com\/\" class=\"su-button su-button-style-default c-custom-btn c-custom-btn--violet\" style=\"color:#000000;background-color:#f6f6f6;border-color:#c5c5c5;border-radius:5px\" target=\"_blank\" onClick=\"gtag(&#039;event&#039;, &#039;Click appointlet&#039;, {event_category: &#039;Booking&#039;, event_label: &#039;Click appointlet&#039;});\" rel=\"noopener noreferrer\"><span style=\"color:#000000;padding:0px 16px;font-size:13px;line-height:26px;border-color:#f9f9f9;border-radius:5px;text-shadow:none\"> Prenez rendez-vous avec l&rsquo;un de nos avocats<\/span><\/a><\/div>\n<p>&nbsp;<\/p>\n<p style=\"text-align: center;\">(vid\u00e9oconf\u00e9rence, t\u00e9l\u00e9phone ou en personne)<\/p>\n[\/vc_column_text][vc_empty_space]\n\t\t\t<!-- START Accueil youtube famille REVOLUTION SLIDER 6.7.28 --><p class=\"rs-p-wp-fix\"><\/p>\n\t\t\t<rs-module-wrap id=\"rev_slider_39_1_wrapper\" data-source=\"gallery\" style=\"visibility:hidden;background:#FFFFFF;padding:0;margin:0px auto;margin-top:0;margin-bottom:0;\">\n\t\t\t\t<rs-module id=\"rev_slider_39_1\" style=\"\" data-version=\"6.7.28\">\n\t\t\t\t\t<rs-slides style=\"overflow: hidden; position: absolute;\">\n\t\t\t\t\t\t<rs-slide style=\"position: absolute;\" data-key=\"rs-137\" data-title=\"Slide\" data-duration=\"3500\" data-ssop=\"true\" data-anim=\"adpr:false;ms:800;\" data-in=\"o:0;sx:0.6;sy:0.6;\" data-out=\"o:0;sx:1.6;sy:1.6;\" data-hal=\"1\">\n\t\t\t\t\t\t\t<img decoding=\"async\" src=\"\/\/sandbox.devichyavocats.com\/wp-content\/plugins\/revslider\/sr6\/assets\/assets\/dummy.png\" alt=\"\" title=\"Droit familial international\" class=\"rev-slidebg tp-rs-img rs-lazyload\" data-lazyload=\"\/\/box5208.temp.domains\/~legaleme\/wp-content\/uploads\/revslider\/about_slider\/mountain_bw.jpg\" data-bg=\"p:right center;\" data-no-retina>\n<!--\n\t\t\t\t\t\t\t--><rs-layer\n\t\t\t\t\t\t\t\tid=\"slider-39-slide-137-layer-7\" \n\t\t\t\t\t\t\t\tclass=\"rs-layer-video intrinsic-ignore\"\n\t\t\t\t\t\t\t\tdata-type=\"video\"\n\t\t\t\t\t\t\t\tdata-rsp_ch=\"on\"\n\t\t\t\t\t\t\t\tdata-xy=\"x:c;\"\n\t\t\t\t\t\t\t\tdata-text=\"w:normal;\"\n\t\t\t\t\t\t\t\tdata-dim=\"w:100%;\"\n\t\t\t\t\t\t\t\tdata-sba=\"e:true;so:0ms\"\n\t\t\t\t\t\t\t\tdata-video=\"vd:100;l:true;ptimer:false;nse:f;\"\n\t\t\t\t\t\t\t\tdata-ytid=\"sq7kf2-nC-s\"\n\t\t\t\t\t\t\t\tdata-vatr=\"version=3&amp;enablejsapi=1&amp;html5=1&amp;hd=1&amp;wmode=opaque&amp;showinfo=0&amp;rel=0&amp;origin=https:\/\/sandbox.devichyavocats.com;\"\n\t\t\t\t\t\t\t\tdata-frame_999=\"o:0;st:w;\"\n\t\t\t\t\t\t\t\tstyle=\"z-index:11;\"\n\t\t\t\t\t\t\t>\n\t\t\t\t\t\t\t<\/rs-layer><!--\n-->\t\t\t\t\t<\/rs-slide>\n\t\t\t\t\t<\/rs-slides>\n\t\t\t\t<\/rs-module>\n\t\t\t\t<script>\n\t\t\t\t\tsetREVStartSize({c: 'rev_slider_39_1',rl:[1240,1024,778,480],el:[675],gw:[1200],gh:[675],type:'hero',justify:'',layout:'fullwidth',mh:\"0\"});if (window.RS_MODULES!==undefined && window.RS_MODULES.modules!==undefined && window.RS_MODULES.modules[\"revslider391\"]!==undefined) {window.RS_MODULES.modules[\"revslider391\"].once = false;window.revapi39 = undefined;if (window.RS_MODULES.checkMinimal!==undefined) window.RS_MODULES.checkMinimal()}\n\t\t\t\t<\/script>\n\t\t\t<\/rs-module-wrap>\n\t\t\t<!-- END REVOLUTION SLIDER -->\n[vc_empty_space]<div class=\"shortcode-wrapper shortcode-title clearfix title-bordered\"><div class=\"aligncenter\"><h4 class=\"hb-bordered-heading aligncenter\">Me Veronica Vallelonga en entrevue sur LCN<\/h4><\/div><\/div>[vc_empty_space]<div class=\"shortcode-wrapper shortcode-video fitVids clearfix\"><span><iframe loading=\"lazy\" title=\"TVA Nouvelles - Entrevue avec Me Veronica Vallelonga\" src=\"https:\/\/player.vimeo.com\/video\/419636442?dnt=1&amp;app_id=122963\" width=\"500\" height=\"331\" frameborder=\"0\" allow=\"autoplay; fullscreen; picture-in-picture; clipboard-write; encrypted-media; web-share\" referrerpolicy=\"strict-origin-when-cross-origin\"><\/iframe><\/span><\/div>[vc_empty_space]<div class=\"shortcode-wrapper shortcode-title clearfix title-bordered\"><div class=\"aligncenter\"><h2 class=\"hb-bordered-heading aligncenter\">EXEMPLES DE CAUSES PLAID\u00c9ES:<\/h2><\/div><\/div>[vc_empty_space]<div class=\"c-button c-button--center\"><a href=\"https:\/\/www.serviceavocatfamille.com\/category\/pension-alimentaire\/\" class=\"hb-button hb-default hb-small-button no-three-d\" target=\"_self\" style=\"-webkit-border-radius: 5px;-moz-border-radius: 5px;border-radius: 5px;\">PENSION ALIMENTAIRE<\/a><\/div>[vc_empty_space]<div class=\"c-button c-button--center\"><a href=\"https:\/\/www.serviceavocatfamille.com\/category\/garde-denfant\/\" class=\"hb-button hb-default hb-small-button no-three-d\" target=\"_self\" style=\"-webkit-border-radius: 5px;-moz-border-radius: 5px;border-radius: 5px;\">GARDE D\u2019ENFANT<\/a><\/div>[vc_empty_space]<div class=\"c-button c-button--center\"><a href=\"https:\/\/www.serviceavocatfamille.com\/category\/protection-de-la-jeunesse\/\" class=\"hb-button hb-default hb-small-button no-three-d\" target=\"_self\" style=\"-webkit-border-radius: 5px;-moz-border-radius: 5px;border-radius: 5px;\">PROTECTION DE LA JEUNESSE<\/a><\/div>[vc_empty_space]<div class=\"c-button c-button--center\"><a href=\"https:\/\/www.serviceavocatfamille.com\/category\/divorce\/\" class=\"hb-button hb-default hb-small-button no-three-d\" target=\"_self\" style=\"-webkit-border-radius: 5px;-moz-border-radius: 5px;border-radius: 5px;\">DIVORCE<\/a><\/div>[\/vc_column][vc_column css_animation=\u00a0\u00bbnone\u00a0\u00bb width=\u00a0\u00bb2\/3&Prime; css=\u00a0\u00bb.vc_custom_1635798486686{background-color: #f2f2f2 !important;border-radius: 10px !important;}\u00a0\u00bb animation_delay=\u00a0\u00bb1000&Prime;]<div class=\"shortcode-wrapper shortcode-title clearfix title-bordered\" data-delay=\"300\"><div class=\"aligncenter\"><h2 class=\"hb-bordered-heading aligncenter\">Nos avocats sont disponibles rapidement pour vous parler<\/h2><\/div><\/div><div class=\"shortcode-wrapper shortcode-spacer clearfix\"><div class=\"spacer\"><\/div><\/div><div class=\"shortcode-wrapper shortcode-team-member-box \"><div class=\"row\"><div class=\"col-4\">\n\t\t<div class=\"team-member-box tmb-2\">\n\t\t\t\t\t\t\t\t\t\n\t\t\t<div class=\"team-member-img\">\n\n\t\t\t\t<img decoding=\"async\" src=\"https:\/\/sandbox.devichyavocats.com\/wp-content\/uploads\/2021\/04\/Jessica-Dekhter-carre-350x350.jpeg\" alt=\"Jessica Dekhter, avocate en droit de la famille\"\/>\n\t\t\t\t\t\t\t\t\t\t<ul class=\"social-icons dark\">\n\t\t\t\t\t\n\t\t\t\t\t\t\n\t\t\t\t\t\t\t\n\t\t\t\t\t\t\t\n\t\t\t\t\t\t\t\n\t\t\t\t\t\t\t\n\t\t\t\t\t\t\t\n\t\t\t\t\t\t\t\n\t\t\t\t\t\t\t\n\t\t\t\t\t\t\t\n\t\t\t\t\t\t\t\n\t\t\t\t\t\t\t\n\t\t\t\t\t\t\t\n\t\t\t\t\t\t\t\n\t\t\t\t\t\t\t\n\t\t\t\t\t\t\t\n\t\t\t\t\t\t\t\n\t\t\t\t\t\t\t\n\t\t\t\t\t\t\t\n\t\t\t\t\t\t\t\n\t\t\t\t\t\t\t\n\t\t\t\t\t\t\t\n\t\t\t\t\t\t\t\n\t\t\t\t\t\t\t\n\t\t\t\t\t\t\t\n\t\t\t\t\t\t\t\n\t\t\t\t\t\t\t\n\t\t\t\t\t\t\t\n\t\t\t\t\t\t\t\n\t\t\t\t\t\t\t\n\t\t\t\t\t\t\t\n\t\t\t\t\t\t\t\n\t\t\t\t\t\t\t\n\t\t\t\t\t\t\t\n\t\t\t\t\t\t\t\n\t\t\t\t\t\t\t\n\t\t\t\t\t\t\t\n\t\t\t\t\t\t\t\t\t\t\t\t<\/ul>\n\t\t\t\t\t\n\t\t\t\t\t\t\t<\/div><!-- END .team-member-img -->\n\t\t\t\t\t\t\t\t\t\t\n\t\t\t<div class=\"team-member-description\">\n\n\t\t\t\t<div class=\"team-header-info clearfix\">\n\n\t\t\t\t\t<div class=\"team-name\">\n\t\t\t\t\t\t<h4 class=\"team-member-name\"><a href=\"https:\/\/sandbox.devichyavocats.com\/?team=jessica-dekhter-avocate&#038;lang=fr\">Jessica Dekhter, avocate en droit de la famille<\/a><\/h4>\n\n\t\t\t\t\t\t\t\t\t\t\t<\/div><!-- END .team-name -->\n\t\t\t\t\t\t\t\t\t\t\t\t\n\t\t\t\t\t\t\t\t\t\t\t\t\n\t\t\t\t<\/div><!-- END .team-header-info -->\n\n\t\t\t\t\n\t\t\t\t\t<div class=\"spacer\" style=\"height:10px;\"><\/div>\n\t\t\t\t\t<div class=\"team-member-content\">\n\t\t\t\t\t\t<div class=\"spacer\" style=\"height:15px;\"><\/div><p class=\"nbm\">Me Jessica Dekhter est une avocate senior en droit familial. Nous l\u2019avons d\u2019abord connue comme adversaire \u00e0 la Cour : elle fait partie de ces avocats qui arrivent en Cour&hellip;<\/p>\t\t\t\t\t<\/div><!-- END .team-member-content -->\n\t\t\t\t\n\t\t\t\t<a class=\"simple-read-more\" href=\"https:\/\/sandbox.devichyavocats.com\/?team=jessica-dekhter-avocate&#038;lang=fr\" target=\"_self\">View Profile<\/a>\n\t\t\t<\/div><!-- END .team-member-description -->\t\n\n\t\t<\/div><!-- END .team-member-box -->\n\n\t\t<\/div><\/div><\/div>[\/vc_column][\/vc_row][vc_row][vc_column][vc_empty_space][vc_separator]<div class=\"shortcode-wrapper shortcode-title clearfix title-bordered\"><div class=\"aligncenter\"><h2 class=\"hb-bordered-heading aligncenter\">Vous vous demandez peut-\u00eatre&#8230;<\/h2><\/div><\/div><div class=\"shortcode-wrapper shortcode-spacer clearfix\"><div class=\"spacer\"><\/div><\/div>[vc_column_text]<a class=\"row-title\" href=\"https:\/\/www.serviceavocatfamille.com\/que-faire-si-votre-ex-conjointe-prend-des-decisions-importantes-concernant-les-enfants-sans-vous-consulter\/\" target=\"_blank\" rel=\"noopener noreferrer\" aria-label=\"\u00ab Que faire si votre ex-conjoint(e) prend des d\u00e9cisions importantes concernant les enfants sans vous consulter? \u00bb (Modifier)\">Que faire si votre ex-conjoint(e) prend des d\u00e9cisions importantes concernant les enfants sans vous consulter?<\/a><\/p>\n<p><a class=\"row-title\" href=\"https:\/\/www.serviceavocatfamille.com\/garde-denfants-deux-pieges-a-eviter-lors-dune-rupture\/\" target=\"_blank\" rel=\"noopener noreferrer\" aria-label=\"\u00ab Garde d\u2019enfants: deux pi\u00e8ges \u00e0 \u00e9viter lors d\u2019une rupture \u00bb (Modifier)\">Garde d\u2019enfants: deux pi\u00e8ges \u00e0 \u00e9viter lors d\u2019une rupture?<\/a><\/p>\n<p><a class=\"row-title\" href=\"https:\/\/www.serviceavocatfamille.com\/que-faire-si-votre-ex-conjointe-abuse-des-procedures-judiciaires-contre-vous-ou-agit-de-mauvaise-foi\/\" target=\"_blank\" rel=\"noopener noreferrer\" aria-label=\"\u00ab Que faire si votre ex-conjoint(e) abuse des proc\u00e9dures judiciaires contre vous, ou agit de mauvaise foi? \u00bb (Modifier)\">Que faire si votre ex-conjoint(e) abuse des proc\u00e9dures judiciaires contre vous, ou agit de mauvaise foi?<\/a><\/p>\n<p class=\"entry-title\"><a href=\"https:\/\/www.serviceavocatfamille.com\/comment-faire-diminuer-ou-augmenter-une-pension-alimentaire-pour-enfants\/\" target=\"_blank\" rel=\"noopener noreferrer\">Comment faire diminuer ou augmenter une pension alimentaire pour enfants?<\/a><\/p>\n[\/vc_column_text][vc_row_inner][vc_column_inner][vc_empty_space][vc_separator]<div class=\"shortcode-wrapper shortcode-title clearfix title-bordered\"><div class=\"aligncenter\"><h2 class=\"hb-bordered-heading aligncenter\">Services en droit familial<\/h2><\/div><\/div><div class=\"shortcode-wrapper shortcode-spacer clearfix\"><div class=\"spacer\" style=\"height:32px;\"><\/div><\/div>[\/vc_column_inner][\/vc_row_inner][vc_row_inner][vc_column_inner width=\u00a0\u00bb1\/3&Prime;]<div class=\"shortcode-wrapper shortcode-icon-column clearfix\"><div class=\"feature-box standard-icon-box aligncenter\"><div class=\"feature-box-content\"><h4 class=\"bold\"><a href=\"https:\/\/sandbox.devichyavocats.com\/fr\/garde-denfant-procedure-et-criteres-doctroi\/\" target=\"_self\"><i class=\"icon-group title-icon\"><\/i>Garde d'enfant: crit\u00e8res et proc\u00e9dure<\/a><\/h4>Garde exclusive vs partag\u00e9, meilleurs int\u00e9r\u00eat de l&rsquo;enfant, proc\u00e9dure d&rsquo;urgence et autres sujets. <a href=\"https:\/\/sandbox.devichyavocats.com\/fr\/garde-denfant-procedure-et-criteres-doctroi\/\">LIRE LA SUITE<\/a><\/div><\/div><\/div>[\/vc_column_inner][vc_column_inner width=\u00a0\u00bb1\/3&Prime;]<div class=\"shortcode-wrapper shortcode-icon-column clearfix\"><div class=\"feature-box standard-icon-box aligncenter\"><div class=\"feature-box-content\"><h4 class=\"bold\"><a href=\"https:\/\/sandbox.devichyavocats.com\/fr\/divorce-criteres-et-procedure\/\" target=\"_self\"><i class=\"hb-moon-heart-broken title-icon\"><\/i>Divorce<\/a><\/h4>Divorce: les crit\u00e8res pour l&rsquo;obtenir et la proc\u00e9dure. Les effets du divorce: pension alimentaire et partage du patrimoine. Divorce \u00e0 l&rsquo;amiable. <a href=\"https:\/\/sandbox.devichyavocats.com\/fr\/divorce-criteres-et-procedure\/\">LIRE LA SUITE<\/a><\/div><\/div><\/div>[\/vc_column_inner][vc_column_inner width=\u00a0\u00bb1\/3&Prime;]<div class=\"shortcode-wrapper shortcode-icon-column clearfix\"><div class=\"feature-box standard-icon-box aligncenter\"><div class=\"feature-box-content\"><h4 class=\"bold\"><a href=\"https:\/\/sandbox.devichyavocats.com\/fr\/protection-de-la-jeunesse-procedure-et-droits\/\" target=\"_self\"><i class=\"hb-moon-shield-3 title-icon\"><\/i>Protection de la jeunesse (DPJ)<\/a><\/h4>Repr\u00e9sentation du parent devant la DPJ lorsque celle-ci a pris des mesures de protection envers l&rsquo;enfant. Voyez ici la proc\u00e9dure suivi par la DPJ suite \u00e0 un signalement, et quels sont vos droits en tant que parent. <a href=\"https:\/\/sandbox.devichyavocats.com\/fr\/protection-de-la-jeunesse-procedure-et-droits\/\">LIRE LA SUITE<\/a><\/div><\/div><\/div>[\/vc_column_inner][\/vc_row_inner][\/vc_column][\/vc_row]\n<\/div>","protected":false},"excerpt":{"rendered":"<p>[vc_row full_height=\u00a0\u00bbyes\u00a0\u00bb parallax=\u00a0\u00bbcontent-moving\u00a0\u00bb parallax_image=\u00a0\u00bb3403&Prime; fullwidth=\u00a0\u00bbyes\u00a0\u00bb el_class=\u00a0\u00bbc-hero\u00a0\u00bb][vc_column width=\u00a0\u00bb1\/2&Prime; css=\u00a0\u00bb.vc_custom_1635790548538{padding-top: 40px !important;padding-right: 40px !important;padding-bottom: 40px !important;padding-left: 40px !important;background-color: rgba(0,0,0,0.31) !important;*background-color: rgb(0,0,0) !important;border-radius: [&hellip;]<\/p>\n","protected":false},"author":4,"featured_media":0,"parent":0,"menu_order":0,"comment_status":"closed","ping_status":"closed","template":"","meta":{"footnotes":""},"class_list":["post-3401","page","type-page","status-publish","hentry"],"_links":{"self":[{"href":"https:\/\/sandbox.devichyavocats.com\/index.php?rest_route=\/wp\/v2\/pages\/3401","targetHints":{"allow":["GET"]}}],"collection":[{"href":"https:\/\/sandbox.devichyavocats.com\/index.php?rest_route=\/wp\/v2\/pages"}],"about":[{"href":"https:\/\/sandbox.devichyavocats.com\/index.php?rest_route=\/wp\/v2\/types\/page"}],"author":[{"embeddable":true,"href":"https:\/\/sandbox.devichyavocats.com\/index.php?rest_route=\/wp\/v2\/users\/4"}],"replies":[{"embeddable":true,"href":"https:\/\/sandbox.devichyavocats.com\/index.php?rest_route=%2Fwp%2Fv2%2Fcomments&post=3401"}],"version-history":[{"count":7,"href":"https:\/\/sandbox.devichyavocats.com\/index.php?rest_route=\/wp\/v2\/pages\/3401\/revisions"}],"predecessor-version":[{"id":4436,"href":"https:\/\/sandbox.devichyavocats.com\/index.php?rest_route=\/wp\/v2\/pages\/3401\/revisions\/4436"}],"wp:attachment":[{"href":"https:\/\/sandbox.devichyavocats.com\/index.php?rest_route=%2Fwp%2Fv2%2Fmedia&parent=3401"}],"curies":[{"name":"wp","href":"https:\/\/api.w.org\/{rel}","templated":true}]}}