{"id":3531,"date":"2022-04-22T18:27:24","date_gmt":"2022-04-22T18:27:24","guid":{"rendered":"https:\/\/sandbox.devichyavocats.com\/?page_id=3531"},"modified":"2024-10-18T16:03:35","modified_gmt":"2024-10-18T16:03:35","slug":"notre-mission","status":"publish","type":"page","link":"https:\/\/sandbox.devichyavocats.com\/?page_id=3531&lang=fr","title":{"rendered":"Notre mission"},"content":{"rendered":"<div class=\"wpb-content-wrapper\">[vc_row][vc_column]<div class=\"shortcode-wrapper shortcode-title clearfix hb-animate-element hb-bottom-to-top\"><h2 class=\"modern aligncenter\">Notre mission<span class=\"bottom-line\"><\/span><\/h2><\/div>[\/vc_column][\/vc_row][vc_row][vc_column][vc_column_text]Si plusieurs cabinets juridiques se consacrent au service des entreprises, les cofondateurs de Devichy Avocats avaient quant \u00e0 eux une tout autre ambition en t\u00eate. Complices de longue date en affaires, Mes Veronica Vallelonga et Xavier Cormier-Lassonde ont b\u00e2ti une firme \u00e0 l\u2019image de leur conviction la plus profonde : l\u2019humain devrait \u00eatre au centre des pr\u00e9occupations.[\/vc_column_text][vc_row_inner][vc_column_inner]<div class=\"shortcode-wrapper shortcode-title clearfix hb-animate-element hb-bottom-to-top\"><h2 class=\"modern aligncenter\">Au service des particuliers<span class=\"bottom-line\"><\/span><\/h2><\/div>[\/vc_column_inner][\/vc_row_inner][vc_row_inner][vc_column_inner width=\u00a0\u00bb1\/2&Prime;][vc_single_image image=\u00a0\u00bb3750&Prime; img_size=\u00a0\u00bbfull\u00a0\u00bb add_caption=\u00a0\u00bbyes\u00a0\u00bb alignment=\u00a0\u00bbcenter\u00a0\u00bb][\/vc_column_inner][vc_column_inner width=\u00a0\u00bb1\/2&Prime;][vc_column_text css=\u00a0\u00bb\u00a0\u00bb]Aujourd\u2019hui, les deux associ\u00e9s dirigent Devichy Avocats, un cabinet dont l&rsquo;\u00e9quipe en droit de la famille compte d\u00e9sormais le nombre impressionnant de 40 avocats. Le cabinet offre aussi des services en droit criminel, protection de la jeunesse, litige et immigration. \u201cPlusieurs grands cabinets au Qu\u00e9bec se consacrent principalement au droit des affaires et aux litiges commerciaux, explique Me Cormier-Lassonde. Pour les particuliers qui souhaitent d\u00e9fendre leurs droits, il y avait de la place pour un cabinet comme Devichy dans le march\u00e9. Nous \u00e9tions donc d\u00e9termin\u00e9s \u00e0 offrir une gamme de services destin\u00e9e aux particuliers, et ce, \u00e0 travers la province\u201d. Comptant 13 bureaux dans toute la province et un service de consultation \u00e0 distance, Devichy Avocats vient en aide \u00e0 cette client\u00e8le lorsque des soucis l\u00e9gaux viennent bousculer leur vie.[\/vc_column_text][\/vc_column_inner][\/vc_row_inner][vc_row_inner][vc_column_inner]<div class=\"shortcode-wrapper shortcode-title clearfix hb-animate-element hb-bottom-to-top\"><h2 class=\"modern aligncenter\">Pr\u00e8s des gens<span class=\"bottom-line\"><\/span><\/h2><\/div>[\/vc_column_inner][\/vc_row_inner][vc_row_inner][vc_column_inner width=\u00a0\u00bb1\/2&Prime;][vc_column_text]Souvent, c\u2019est \u00e0 travers un moment \u00e9prouvant que les avocats de Devichy accompagnent leurs clients : s\u00e9paration ou divorce, signalement \u00e0 la Direction de la protection de la jeunesse (DPJ), cong\u00e9diement, accusation criminelle\u2026 L\u2019approche humaine que privil\u00e9gie la firme prend alors tout son sens. \u00ab Nous nous assurons de rester en contact fr\u00e9quent avec nos clients, les tenant inform\u00e9s de l\u2019avancement de leur dossier, soutient Me Vallelonga. Nous effectuons m\u00eame des sondages r\u00e9guliers pour conna\u00eetre leur satisfaction, ce qui nous permet d\u2019ajuster le tir rapidement, au besoin. \u00bb<\/p>\n<p>\u201cNous avons r\u00e9unis une \u00e9quipe compos\u00e9e d&rsquo;avocats senior et junior. Pour ce qui est de nos avocates qui sont m\u00e8res de jeunes enfants, notre mod\u00e8le leur permet de donner le meilleur d\u2019elles-m\u00eames lorsqu\u2019elles sont au travail, et de profiter pleinement de leur famille lorsqu\u2019elles n\u2019y sont pas.\u201d Me Veronica Vallelonga.<\/p>\n<p>Pour Xavier Cormier-Lassonde, cette libert\u00e9 est non n\u00e9gociable. Bien avant que la pand\u00e9mie ne frappe, tout \u00e9tait en place chez Devichy Avocats pour offrir aux avocats dont la pr\u00e9sence n&rsquo;est pas requise en cour de travailler d\u2019o\u00f9 ils le souhaitent, que ce soit de la maison, pour \u00eatre l\u00e0 au retour des enfants, ou de l\u2019\u00e9tranger, pour vivre une aventure nomade. \u00c0 mesure que grandit le cabinet, cette valeur fondamentale en est le point d\u2019ancrage.[\/vc_column_text][\/vc_column_inner][vc_column_inner width=\u00a0\u00bb1\/2&Prime;][vc_single_image image=\u00a0\u00bb2452&Prime; img_size=\u00a0\u00bbfull\u00a0\u00bb add_caption=\u00a0\u00bbyes\u00a0\u00bb alignment=\u00a0\u00bbcenter\u00a0\u00bb][\/vc_column_inner][\/vc_row_inner][\/vc_column][\/vc_row]\n<\/div>","protected":false},"excerpt":{"rendered":"<p>[vc_row][vc_column][\/vc_column][\/vc_row][vc_row][vc_column][vc_column_text]Si plusieurs cabinets juridiques se consacrent au service des entreprises, les cofondateurs de Devichy Avocats avaient quant \u00e0 eux une [&hellip;]<\/p>\n","protected":false},"author":4,"featured_media":0,"parent":0,"menu_order":0,"comment_status":"closed","ping_status":"closed","template":"","meta":{"footnotes":""},"class_list":["post-3531","page","type-page","status-publish","hentry"],"_links":{"self":[{"href":"https:\/\/sandbox.devichyavocats.com\/index.php?rest_route=\/wp\/v2\/pages\/3531","targetHints":{"allow":["GET"]}}],"collection":[{"href":"https:\/\/sandbox.devichyavocats.com\/index.php?rest_route=\/wp\/v2\/pages"}],"about":[{"href":"https:\/\/sandbox.devichyavocats.com\/index.php?rest_route=\/wp\/v2\/types\/page"}],"author":[{"embeddable":true,"href":"https:\/\/sandbox.devichyavocats.com\/index.php?rest_route=\/wp\/v2\/users\/4"}],"replies":[{"embeddable":true,"href":"https:\/\/sandbox.devichyavocats.com\/index.php?rest_route=%2Fwp%2Fv2%2Fcomments&post=3531"}],"version-history":[{"count":25,"href":"https:\/\/sandbox.devichyavocats.com\/index.php?rest_route=\/wp\/v2\/pages\/3531\/revisions"}],"predecessor-version":[{"id":3533,"href":"https:\/\/sandbox.devichyavocats.com\/index.php?rest_route=\/wp\/v2\/pages\/3531\/revisions\/3533"}],"wp:attachment":[{"href":"https:\/\/sandbox.devichyavocats.com\/index.php?rest_route=%2Fwp%2Fv2%2Fmedia&parent=3531"}],"curies":[{"name":"wp","href":"https:\/\/api.w.org\/{rel}","templated":true}]}}