{"id":3570,"date":"2022-05-03T18:20:56","date_gmt":"2022-05-03T18:20:56","guid":{"rendered":"https:\/\/sandbox.devichyavocats.com\/?page_id=3570"},"modified":"2022-05-03T20:12:29","modified_gmt":"2022-05-03T20:12:29","slug":"actualites","status":"publish","type":"page","link":"https:\/\/sandbox.devichyavocats.com\/?page_id=3570&lang=fr","title":{"rendered":"Actualit\u00e9s"},"content":{"rendered":"<div class=\"wpb-content-wrapper\">[vc_row][vc_column]<div class=\"shortcode-wrapper shortcode-blog-minimal\"><article class=\"search-entry clearfix\"><h4 class=\"semi-bold\"><a href=\"https:\/\/sandbox.devichyavocats.com\/?p=4989&lang=fr\" title=\"Formation et souper du temps des f\u00eates au Club Med Charlevoix\">Formation et souper du temps des f\u00eates au Club Med Charlevoix<\/a><\/h4><div class=\"minor-meta\">D\u00e9c 6, 2024<\/div><div class=\"excerpt-wrap\">Un souper festif a conclu une belle journ\u00e9e de formation ce samedi 30 novembre 2024.Nous&hellip;<\/div><\/article><article class=\"search-entry clearfix\"><h4 class=\"semi-bold\"><a href=\"https:\/\/sandbox.devichyavocats.com\/?p=4742&lang=fr\" title=\"5 ans pour Devichy Avocats!\">5 ans pour Devichy Avocats!<\/a><\/h4><div class=\"minor-meta\">Mai 3, 2024<\/div><div class=\"excerpt-wrap\">C&rsquo;\u00e9tait un 3 mai, il y a maintenant 5 ans, que commen\u00e7ait la grande aventure&hellip;<\/div><\/article><article class=\"search-entry clearfix\"><h4 class=\"semi-bold\"><a href=\"https:\/\/sandbox.devichyavocats.com\/?p=4343&lang=fr\" title=\"Pr\u00e9sident du Comit\u00e9 de Liaison avec la Cour sup\u00e9rieure en mati\u00e8re familiale pour l&rsquo;ann\u00e9e 2023-2024\">Pr\u00e9sident du Comit\u00e9 de Liaison avec la Cour sup\u00e9rieure en mati\u00e8re familiale pour l&rsquo;ann\u00e9e 2023-2024<\/a><\/h4><div class=\"minor-meta\">Juil 6, 2023<\/div><div class=\"excerpt-wrap\">Devichy est heureux d&rsquo;annoncer que Me Fabrizio Mancuso a \u00e9t\u00e9 nomm\u00e9 Pr\u00e9sident au Comit\u00e9 de&hellip;<\/div><\/article><article class=\"search-entry clearfix\"><h4 class=\"semi-bold\"><a href=\"https:\/\/sandbox.devichyavocats.com\/?p=4309&lang=fr\" title=\"Un nouveau partenariat en droit civil!\">Un nouveau partenariat en droit civil!<\/a><\/h4><div class=\"minor-meta\">Mai 4, 2023<\/div><div class=\"excerpt-wrap\">Devichy a officialis\u00e9 le 28 avril 2023 son partenariat avec Me Calin Popovici et Me&hellip;<\/div><\/article><article class=\"search-entry clearfix\"><h4 class=\"semi-bold\"><a href=\"https:\/\/sandbox.devichyavocats.com\/?p=4067&lang=fr\" title=\"La course aux stages 2023 Devichy en droit de la famille est commenc\u00e9!\">La course aux stages 2023 Devichy en droit de la famille est commenc\u00e9!<\/a><\/h4><div class=\"minor-meta\">F\u00e9v 10, 2023<\/div><div class=\"excerpt-wrap\">http:\/\/www.ecoledubarreau.qc.ca\/fr\/stage\/offres-de-stage\/7504\/http:\/\/www.ecoledubarreau.qc.ca\/fr\/stage\/offres-de-stage\/7505\/http:\/\/www.ecoledubarreau.qc.ca\/fr\/stage\/offres-de-stage\/7501\/<\/div><\/article><article class=\"search-entry clearfix\"><h4 class=\"semi-bold\"><a href=\"https:\/\/sandbox.devichyavocats.com\/?p=4058&lang=fr\" title=\"10,000 clients pour Devichy!\">10,000 clients pour Devichy!<\/a><\/h4><div class=\"minor-meta\">F\u00e9v 6, 2023<\/div><div class=\"excerpt-wrap\">Devichy vient de servir son 10,000 i\u00e8me client depuis sa fondation en 2019. Merci \u00e0&hellip;<\/div><\/article><article class=\"search-entry clearfix\"><h4 class=\"semi-bold\"><a href=\"https:\/\/sandbox.devichyavocats.com\/?p=4024&lang=fr\" title=\"Devichy Commanditaire argent de l&rsquo;universit\u00e9 de Sherbrooke\">Devichy Commanditaire argent de l&rsquo;universit\u00e9 de Sherbrooke<\/a><\/h4><div class=\"minor-meta\">Nov 20, 2022<\/div><div class=\"excerpt-wrap\">Devichy Avocats a r\u00e9cemment \u00e9t\u00e9 Commanditaire ARGENT pour l\u2019\u00e9v\u00e8nement \u00ab&nbsp;Vin &amp; Fromage&nbsp;\u00bb organis\u00e9 par l\u2019Universit\u00e9&hellip;<\/div><\/article><article class=\"search-entry clearfix\"><h4 class=\"semi-bold\"><a href=\"https:\/\/sandbox.devichyavocats.com\/?p=4022&lang=fr\" title=\"D\u00e9sormais 50!\">D\u00e9sormais 50!<\/a><\/h4><div class=\"minor-meta\">Nov 1, 2022<\/div><div class=\"excerpt-wrap\">Un nouveau cap de franchit? En Janvier 2021, le cabinet comptait 14 personnes au total.&hellip;<\/div><\/article><article class=\"search-entry clearfix\"><h4 class=\"semi-bold\"><a href=\"https:\/\/sandbox.devichyavocats.com\/?p=4020&lang=fr\" title=\"Conf\u00e9rence \u00ab\u00a0Top most 100 influential women in Canada\u00a0\u00bb\">Conf\u00e9rence \u00ab\u00a0Top most 100 influential women in Canada\u00a0\u00bb<\/a><\/h4><div class=\"minor-meta\">Oct 15, 2022<\/div><div class=\"excerpt-wrap\">Cette semaine, notre \u00e9quipe a assist\u00e9 \u00e0 la conf\u00e9rence \u00ab La Gouvernance au f\u00e9minin \u00bb&hellip;<\/div><\/article><article class=\"search-entry clearfix\"><h4 class=\"semi-bold\"><a href=\"https:\/\/sandbox.devichyavocats.com\/?p=3952&lang=fr\" title=\"\u00c9coutez le podcast de Me Vallelonga: \u00ab\u00a0\u00eatre carri\u00e9riste et maman: comment conjuguer les deux ?\u00a0\u00bb\">\u00c9coutez le podcast de Me Vallelonga: \u00ab\u00a0\u00eatre carri\u00e9riste et maman: comment conjuguer les deux ?\u00a0\u00bb<\/a><\/h4><div class=\"minor-meta\">Oct 9, 2022<\/div><div class=\"excerpt-wrap\">Le temps d\u2019un podcast, notre avocate Me Veronica Vallelonga rencontre Patricia Filiatrault, MBA de \u00abMaman&hellip;<\/div><\/article><article class=\"search-entry clearfix\"><h4 class=\"semi-bold\"><a href=\"https:\/\/sandbox.devichyavocats.com\/?p=3950&lang=fr\" title=\"2 nouvelles arriv\u00e9es et un grand retour!\">2 nouvelles arriv\u00e9es et un grand retour!<\/a><\/h4><div class=\"minor-meta\">Oct 2, 2022<\/div><div class=\"excerpt-wrap\">Le cabinet a le plaisir d&rsquo;accueillir deux nouvelles recrues : Ana Paula Pessoa D&rsquo;Albuquerque, avocate&hellip;<\/div><\/article><article class=\"search-entry clearfix\"><h4 class=\"semi-bold\"><a href=\"https:\/\/sandbox.devichyavocats.com\/?p=3945&lang=fr\" title=\"\u00c9coutez le podcast de Me Garcia : \u00ab\u00a0Une \u00e9ducatrice coupable d\u2019avoir frapp\u00e9 des bambins \u00e0 la garderie\u00a0\u00bb\">\u00c9coutez le podcast de Me Garcia : \u00ab\u00a0Une \u00e9ducatrice coupable d\u2019avoir frapp\u00e9 des bambins \u00e0 la garderie\u00a0\u00bb<\/a><\/h4><div class=\"minor-meta\">Sep 12, 2022<\/div><div class=\"excerpt-wrap\">Le temps d\u2019un podcast, notre avocat criminaliste Me Garcia nous partage son point de vue&hellip;<\/div><\/article><article class=\"search-entry clearfix\"><h4 class=\"semi-bold\"><a href=\"https:\/\/sandbox.devichyavocats.com\/?p=3904&lang=fr\" title=\"Devichy Avocats membre de BPW Montr\u00e9al\">Devichy Avocats membre de BPW Montr\u00e9al<\/a><\/h4><div class=\"minor-meta\">Sep 11, 2022<\/div><div class=\"excerpt-wrap\">BPW ou l&rsquo;Association qui milite pour l&rsquo;\u00e9galit\u00e9 homme\/femme dans le monde du travail ! Devichy&hellip;<\/div><\/article><article class=\"search-entry clearfix\"><h4 class=\"semi-bold\"><a href=\"https:\/\/sandbox.devichyavocats.com\/?p=3902&lang=fr\" title=\"Encore 4 embauches chez Devichy !\">Encore 4 embauches chez Devichy !<\/a><\/h4><div class=\"minor-meta\">Sep 7, 2022<\/div><div class=\"excerpt-wrap\">Nous avons le plaisir d&rsquo;annoncer l&rsquo;arriv\u00e9e de nouveaux coll\u00e8gues dans l&rsquo;\u00e9quipe : Laura Camila Gonzalez,&hellip;<\/div><\/article><article class=\"search-entry clearfix\"><h4 class=\"semi-bold\"><a href=\"https:\/\/sandbox.devichyavocats.com\/?p=3900&lang=fr\" title=\"F\u00e9licitations \u00e0 nos deux avocates pour leur 1er anniversaire du barreau !\">F\u00e9licitations \u00e0 nos deux avocates pour leur 1er anniversaire du barreau !<\/a><\/h4><div class=\"minor-meta\">Ao\u00fbt 31, 2022<\/div><div class=\"excerpt-wrap\">Me Zafihary-Gautier avocate en droit de la famille f\u00eate aujourd\u2019hui ses 1 an d&rsquo;inscription au&hellip;<\/div><\/article><article class=\"search-entry clearfix\"><h4 class=\"semi-bold\"><a href=\"https:\/\/sandbox.devichyavocats.com\/?p=3851&lang=fr\" title=\"4 nouveaux avocats int\u00e8grent le Cabinet Devichy dont 3 en droit de la famille\">4 nouveaux avocats int\u00e8grent le Cabinet Devichy dont 3 en droit de la famille<\/a><\/h4><div class=\"minor-meta\">Ao\u00fbt 1, 2022<\/div><div class=\"excerpt-wrap\">Cette semaine, nous avons le plaisir d\u2019accueillir de nouveaux membres dans l&rsquo;\u00e9quipe:Margherita Morsella, avocate en&hellip;<\/div><\/article><article class=\"search-entry clearfix\"><h4 class=\"semi-bold\"><a href=\"https:\/\/sandbox.devichyavocats.com\/?p=3846&lang=fr\" title=\"Absolution conditionnelle et garde partag\u00e9e, d\u00e9couvrez les deux derni\u00e8res affaires de notre \u00e9quipe !\">Absolution conditionnelle et garde partag\u00e9e, d\u00e9couvrez les deux derni\u00e8res affaires de notre \u00e9quipe !<\/a><\/h4><div class=\"minor-meta\">Juil 19, 2022<\/div><div class=\"excerpt-wrap\">Notre cliente obtient une absolution conditionnelle malgr\u00e9 les accusations de vols.L\u2019une des clientes de Me&hellip;<\/div><\/article><article class=\"search-entry clearfix\"><h4 class=\"semi-bold\"><a href=\"https:\/\/sandbox.devichyavocats.com\/?p=3844&lang=fr\" title=\"Bienvenues dans l&rsquo;\u00e9quipe!\">Bienvenues dans l&rsquo;\u00e9quipe!<\/a><\/h4><div class=\"minor-meta\">Juil 17, 2022<\/div><div class=\"excerpt-wrap\">Cette semaine, nous sommes ravis d&rsquo;accueillir de nouvelles coll\u00e8gues dans l &lsquo;\u00e9quipe:Jessica Jean, Parajuriste et&hellip;<\/div><\/article><article class=\"search-entry clearfix\"><h4 class=\"semi-bold\"><a href=\"https:\/\/sandbox.devichyavocats.com\/?p=3811&lang=fr\" title=\"D\u00e9couvrez Devichy Avocats, \u00e0 travers l&rsquo;article de La Presse\">D\u00e9couvrez Devichy Avocats, \u00e0 travers l&rsquo;article de La Presse<\/a><\/h4><div class=\"minor-meta\">Juil 7, 2022<\/div><div class=\"excerpt-wrap\">\u00ab\u00a0Si la plupart des grands cabinets juridiques se consacrent au service des entreprises, les cofondateurs&hellip;<\/div><\/article><article class=\"search-entry clearfix\"><h4 class=\"semi-bold\"><a href=\"https:\/\/sandbox.devichyavocats.com\/?p=3760&lang=fr\" title=\"Si fiers de notre \u00e9quipe !\">Si fiers de notre \u00e9quipe !<\/a><\/h4><div class=\"minor-meta\">Juin 2, 2022<\/div><div class=\"excerpt-wrap\">Me Emmanuelle Mekies, l\u2019une de nos avocates en droit familial, droit successoral, droit du logement&hellip;<\/div><\/article><article class=\"search-entry clearfix\"><h4 class=\"semi-bold\"><a href=\"https:\/\/sandbox.devichyavocats.com\/?p=3763&lang=fr\" title=\"Devichy comptabilise \u00e0 ce jour 41 avocats\u00a0! Voici les nouveaux membres de l\u2019\u00e9quipe\u00a0\">Devichy comptabilise \u00e0 ce jour 41 avocats\u00a0! Voici les nouveaux membres de l\u2019\u00e9quipe\u00a0<\/a><\/h4><div class=\"minor-meta\">Juin 1, 2022<\/div><div class=\"excerpt-wrap\">Luis Arrais Paiva Rodrigues, notre avocate en droit familial, droit commercial, droit des affaires et&hellip;<\/div><\/article><article class=\"search-entry clearfix\"><h4 class=\"semi-bold\"><a href=\"https:\/\/sandbox.devichyavocats.com\/?p=3765&lang=fr\" title=\"Congr\u00e8s de l\u2019Association des jeunes du barreaux de r\u00e9gion\u00a0: 2 de nos avocates de Sherbrooke y \u00e9taient\u00a0!\">Congr\u00e8s de l\u2019Association des jeunes du barreaux de r\u00e9gion\u00a0: 2 de nos avocates de Sherbrooke y \u00e9taient\u00a0!<\/a><\/h4><div class=\"minor-meta\">Mai 30, 2022<\/div><div class=\"excerpt-wrap\">Cette semaine, Me Emilie Houle et Me Amanada Inkel (droit familial et protection de la&hellip;<\/div><\/article><article class=\"search-entry clearfix\"><h4 class=\"semi-bold\"><a href=\"https:\/\/sandbox.devichyavocats.com\/?p=3690&lang=fr\" title=\"Le cabinet ouvre un nouveau bureau \u00e0 Joliette\">Le cabinet ouvre un nouveau bureau \u00e0 Joliette<\/a><\/h4><div class=\"minor-meta\">Mai 24, 2022<\/div><div class=\"excerpt-wrap\">Vous habitez Joliette et ses alentours ? Bonne nouvelle ! Vous pouvez d\u00e9sormais rencontrer nos&hellip;<\/div><\/article><article class=\"search-entry clearfix\"><h4 class=\"semi-bold\"><a href=\"https:\/\/sandbox.devichyavocats.com\/?p=3686&lang=fr\" title=\"Devichy accueille un nouvel avocat en Droit Criminel !\">Devichy accueille un nouvel avocat en Droit Criminel !<\/a><\/h4><div class=\"minor-meta\">Mai 23, 2022<\/div><div class=\"excerpt-wrap\">Cette semaine, nous avons l&rsquo;honneur et le privil\u00e8ge d&rsquo;accueillir Daniel Garcia, avocat en Droit Criminel&hellip;<\/div><\/article><article class=\"search-entry clearfix\"><h4 class=\"semi-bold\"><a href=\"https:\/\/sandbox.devichyavocats.com\/?p=3620&lang=fr\" title=\"3 Nouvelles embauches pour Devichy !\">3 Nouvelles embauches pour Devichy !<\/a><\/h4><div class=\"minor-meta\">Mai 9, 2022<\/div><div class=\"excerpt-wrap\">En cette nouvelle semaine, nous souhaitons la bienvenue \u00e0 Gabriel Larose, avocat en droit de&hellip;<\/div><\/article><article class=\"search-entry clearfix\"><h4 class=\"semi-bold\"><a href=\"https:\/\/sandbox.devichyavocats.com\/?p=3622&lang=fr\" title=\"Un guide sur les interventions sociales et judiciaires en protection de la jeunesse r\u00e9dig\u00e9 par nos avocates\">Un guide sur les interventions sociales et judiciaires en protection de la jeunesse r\u00e9dig\u00e9 par nos avocates<\/a><\/h4><div class=\"minor-meta\">Mai 6, 2022<\/div><div class=\"excerpt-wrap\">Nos avocates Me Alice Jubinville-Hernandez et Me Amanda Inkel ont particip\u00e9 \u00e0 la r\u00e9daction d&rsquo;un&hellip;<\/div><\/article><article class=\"search-entry clearfix\"><h4 class=\"semi-bold\"><a href=\"https:\/\/sandbox.devichyavocats.com\/?p=3572&lang=fr\" title=\"Devichy f\u00eate ses 3 ans !\u00a0\">Devichy f\u00eate ses 3 ans !\u00a0<\/a><\/h4><div class=\"minor-meta\">Mai 3, 2022<\/div><div class=\"excerpt-wrap\">La journ\u00e9e du Lundi 2 mai est une journ\u00e9e sp\u00e9ciale puisque c\u2019est l&rsquo;anniversaire de la&hellip;<\/div><\/article><article class=\"search-entry clearfix\"><h4 class=\"semi-bold\"><a href=\"https:\/\/sandbox.devichyavocats.com\/?p=3578&lang=fr\" title=\"Notre bureau de Joliette accueille une nouvelle avocate en droit familial\">Notre bureau de Joliette accueille une nouvelle avocate en droit familial<\/a><\/h4><div class=\"minor-meta\">Mai 2, 2022<\/div><div class=\"excerpt-wrap\">Nous sommes heureux d&rsquo;accueillir notre nouvelle avocate en droit de la famille, Audrey-Paule Ledoux, dans&hellip;<\/div><\/article><article class=\"search-entry clearfix\"><h4 class=\"semi-bold\"><a href=\"https:\/\/sandbox.devichyavocats.com\/?p=3580&lang=fr\" title=\"Bienvenue parmi nous Alice !\u00a0\">Bienvenue parmi nous Alice !\u00a0<\/a><\/h4><div class=\"minor-meta\">Mai 1, 2022<\/div><div class=\"excerpt-wrap\">Nous sommes ravis d&rsquo;int\u00e9grer Alice Jubinville Fernandez, \u00e9tudiante en droit familial et protection de la&hellip;<\/div><\/article><article class=\"search-entry clearfix\"><h4 class=\"semi-bold\"><a href=\"https:\/\/sandbox.devichyavocats.com\/?p=3582&lang=fr\" title=\"Devichy lance un programme de stagiaires\">Devichy lance un programme de stagiaires<\/a><\/h4><div class=\"minor-meta\">Avr 18, 2022<\/div><div class=\"excerpt-wrap\">Devichy lance son programme de recrutement de stagiaires ! De nombreuses offres sont ouvertes pour&hellip;<\/div><\/article><article class=\"search-entry clearfix\"><h4 class=\"semi-bold\"><a href=\"https:\/\/sandbox.devichyavocats.com\/?p=3584&lang=fr\" title=\"Un stage qui se termine en embauche, mission r\u00e9ussie pour\u00a0\u00c9milie et Devichy\">Un stage qui se termine en embauche, mission r\u00e9ussie pour\u00a0\u00c9milie et Devichy<\/a><\/h4><div class=\"minor-meta\">Avr 4, 2022<\/div><div class=\"excerpt-wrap\">C\u2019est apr\u00e8s 6 mois de stage en droit familial et protection de la jeunesse \u00e0&hellip;<\/div><\/article><article class=\"search-entry clearfix\"><h4 class=\"semi-bold\"><a href=\"https:\/\/sandbox.devichyavocats.com\/?p=3586&lang=fr\" title=\"Une nouvelle membre dans l\u2019\u00e9quipe Devichy de Droit Civil !\">Une nouvelle membre dans l\u2019\u00e9quipe Devichy de Droit Civil !<\/a><\/h4><div class=\"minor-meta\">Mar 28, 2022<\/div><div class=\"excerpt-wrap\">Me Sarah Belouchi est avocate en droit civil. Sa pratique est orient\u00e9e en litige civil&hellip;<\/div><\/article><article class=\"search-entry clearfix\"><h4 class=\"semi-bold\"><a href=\"https:\/\/sandbox.devichyavocats.com\/?p=3588&lang=fr\" title=\"Nouvelle expertise pour le cabinet : Droit Familial International\">Nouvelle expertise pour le cabinet : Droit Familial International<\/a><\/h4><div class=\"minor-meta\">Mar 21, 2022<\/div><div class=\"excerpt-wrap\">Devichy Avocats ajoute une corde plus \u00e0 son arc ! Notre \u00e9quipe d\u2019avocats exp\u00e9riment\u00e9s pourra&hellip;<\/div><\/article><article class=\"search-entry clearfix\"><h4 class=\"semi-bold\"><a href=\"https:\/\/sandbox.devichyavocats.com\/?p=3590&lang=fr\" title=\"Deux de nos avocates deviennent Gouverneurs de la Fondation du Barreau\">Deux de nos avocates deviennent Gouverneurs de la Fondation du Barreau<\/a><\/h4><div class=\"minor-meta\">Mar 17, 2022<\/div><div class=\"excerpt-wrap\">Pour consolider notre attachement \u00e0 la fondation, nos deux avocates Me Veronica Vallelonga et Me&hellip;<\/div><\/article><\/div>[\/vc_column][\/vc_row]\n<\/div>","protected":false},"excerpt":{"rendered":"<p>[vc_row][vc_column][\/vc_column][\/vc_row]<\/p>\n","protected":false},"author":4,"featured_media":0,"parent":0,"menu_order":0,"comment_status":"closed","ping_status":"closed","template":"","meta":{"footnotes":""},"class_list":["post-3570","page","type-page","status-publish","hentry"],"_links":{"self":[{"href":"https:\/\/sandbox.devichyavocats.com\/index.php?rest_route=\/wp\/v2\/pages\/3570","targetHints":{"allow":["GET"]}}],"collection":[{"href":"https:\/\/sandbox.devichyavocats.com\/index.php?rest_route=\/wp\/v2\/pages"}],"about":[{"href":"https:\/\/sandbox.devichyavocats.com\/index.php?rest_route=\/wp\/v2\/types\/page"}],"author":[{"embeddable":true,"href":"https:\/\/sandbox.devichyavocats.com\/index.php?rest_route=\/wp\/v2\/users\/4"}],"replies":[{"embeddable":true,"href":"https:\/\/sandbox.devichyavocats.com\/index.php?rest_route=%2Fwp%2Fv2%2Fcomments&post=3570"}],"version-history":[{"count":5,"href":"https:\/\/sandbox.devichyavocats.com\/index.php?rest_route=\/wp\/v2\/pages\/3570\/revisions"}],"predecessor-version":[{"id":3573,"href":"https:\/\/sandbox.devichyavocats.com\/index.php?rest_route=\/wp\/v2\/pages\/3570\/revisions\/3573"}],"wp:attachment":[{"href":"https:\/\/sandbox.devichyavocats.com\/index.php?rest_route=%2Fwp%2Fv2%2Fmedia&parent=3570"}],"curies":[{"name":"wp","href":"https:\/\/api.w.org\/{rel}","templated":true}]}}