{"id":846,"date":"2019-08-22T14:15:00","date_gmt":"2019-08-22T14:15:00","guid":{"rendered":"https:\/\/sandbox.devichyavocats.com\/?page_id=846"},"modified":"2024-05-29T19:05:04","modified_gmt":"2024-05-29T19:05:04","slug":"postes-vacants","status":"publish","type":"page","link":"https:\/\/sandbox.devichyavocats.com\/?page_id=846&lang=fr","title":{"rendered":"Voici les postes disponibles d\u00e8s maintenant!"},"content":{"rendered":"\n<h2 class=\"wp-block-heading\" id=\"1-avocat-e-s-en-droit-familial-brossard-gatineau-granby-laval-rimouski-st-jerome-st-hyacinthe-sherbrooke-trois-rivieres-et-montreal\">1. <strong>Associ\u00e9.e en litige &#8211; Poste hybride<\/strong><\/h2>\n\n\n\n<p>Vous \u00eates un professionnel du droit comp\u00e9tent et passionn\u00e9 par le litige civil? Voici l\u2019opportunit\u00e9 qui vous attend : b\u00e2tir puis diriger notre nouveau d\u00e9partement en droit civil. Si vous \u00eates rendu l\u00e0 dans votre carri\u00e8re, vous ne regretterez pas de vous \u00eatre laissez tenter par Devichy Avocats.<br><br><strong>Qui sommes-nous?<br><br><\/strong>Chez Devichy, notre mission est d&rsquo;aider les particuliers \u00e0 surmonter leurs probl\u00e8mes juridiques. Certains servent les entreprises ou les municipalit\u00e9s, nous c&rsquo;est vraiment l&rsquo;humain qui est au c\u0153ur de nos pr\u00e9occupations.<br><br>Au fil des ans, plusieurs avocats ont d\u00e9cid\u00e9 de se joindre \u00e0 notre aventure. Le cabinet Devichy compte d\u00e9sormais plus de 40 avocats pratiquant dans divers domaines de droit.<br><br>Devichy, c&rsquo;est un cabinet ax\u00e9 sur la personne. Vous b\u00e9n\u00e9ficierez d&rsquo;une tr\u00e8s grande autonomie dans la gestion de vos dossiers et de votre vie. Devichy est un cabinet techno: r\u00e9seau social interne, pratique du droit num\u00e9rique, marketing en ligne, t\u00e9l\u00e9travail ou pr\u00e9sence au bureau au choix de l&#8217;employ\u00e9. L\u2019ambiance est positive!<br><br>Nos employ\u00e9s b\u00e9n\u00e9ficient tous d&rsquo;une assurance collective. Apr\u00e8s 6 mois de travail continue, un r\u00e9gime d&rsquo;\u00e9pargne avec participation de l&#8217;employeur vous sera \u00e9galement offert.<br><br><strong>L&rsquo;opportunit\u00e9 :<br><br><\/strong>Nous recherchons un.e avocat.e exp\u00e9riment\u00e9.e et m\u00e9ticuleux.se avec 8 ans et + d&rsquo;exp\u00e9rience en litige civil pour rejoindre notre \u00e9quipe.<br><br>En tant qu&rsquo;associ\u00e9 chez Devichy Avocats, vous jouerez un r\u00f4le essentiel d\u2019abord en repr\u00e9sentant les clients dans des affaires de litige civil et en fournissant des conseils et des solutions juridiques, puis en b\u00e2tissant notre d\u00e9partement litige. Vous aurez l&rsquo;occasion de traiter une gamme vari\u00e9e d&rsquo;affaires civiles, selon vos comp\u00e9tences, des litiges contractuels, des litiges immobiliers, des questions de droit du travail et des proc\u00e9dures administratives.<br><br><strong>Voici quelques-unes de vos principales responsabilit\u00e9s :<\/strong><\/p>\n\n\n\n<ul class=\"wp-block-list\">\n<li>Consultations initiales avec les clients;<\/li>\n\n\n\n<li>Repr\u00e9sentation des clients dans les proc\u00e9dures contentieuses, y compris la r\u00e9daction de requ\u00eates et la pr\u00e9sentation d&rsquo;arguments devant le tribunal;<\/li>\n\n\n\n<li>N\u00e9gocier des r\u00e8glements afin d&rsquo;obtenir des r\u00e9sultats favorables pour nos clients;<\/li>\n\n\n\n<li>Assister aux audiences, aux d\u00e9positions et \u00e0 d&rsquo;autres proc\u00e9dures judiciaires au nom des clients;<\/li>\n\n\n\n<li>Tenir \u00e0 jour des dossiers, des registres et des documents pr\u00e9cis et organis\u00e9s;<\/li>\n\n\n\n<li>Recruter et superviser des avocats en litige juniors.<\/li>\n<\/ul>\n\n\n\n<p><br><strong>Comp\u00e9tences personnelles et professionnelles :<\/strong><\/p>\n\n\n\n<ul class=\"wp-block-list\">\n<li>Capacit\u00e9 \u00e0 travailler de mani\u00e8re ind\u00e9pendante et en collaboration dans un environnement en constante \u00e9volution;<\/li>\n\n\n\n<li>Capacit\u00e9 \u00e0 utiliser diverses applications technologiques au travail;<\/li>\n\n\n\n<li>Sens exceptionnel du d\u00e9tail et de l&rsquo;organisation;<\/li>\n\n\n\n<li>Solides comp\u00e9tences en mati\u00e8re d&rsquo;\u00e9tablissement de relations, l&rsquo;accent \u00e9tant mis sur la satisfaction et le d\u00e9passement des attentes des clients;<\/li>\n\n\n\n<li>Excellentes aptitudes \u00e0 la communication orale et \u00e9crite en fran\u00e7ais et en anglais, avec la capacit\u00e9 d&rsquo;articuler des arguments juridiques de mani\u00e8re convaincante;<\/li>\n\n\n\n<li>Exp\u00e9rience en mati\u00e8re de contentieux civil, de droit du travail, etc.<\/li>\n<\/ul>\n\n\n\n<p><br>Salaire \u00e0 discuter. Svp faites parvenir votre candidature \u00e0 veronicavallelonga@sandbox.devichyavocats.com<br><br>Nous ne communiquerons qu\u2019avec les candidat(e)s retenu(e)s pour une entrevue.<\/p>\n\n\n\n<h2 class=\"wp-block-heading\" id=\"1-avocat-e-s-en-droit-familial-brossard-gatineau-granby-laval-rimouski-st-jerome-st-hyacinthe-sherbrooke-trois-rivieres-et-montreal\">2. <strong>Avocat(e)s en droit familial &#8211; Brossard, Chicoutimi, Gatineau, Granby, Laval, <strong> Rimouski,<\/strong> St-J\u00e9r\u00f4me, St-Hyacinthe, Sherbrooke, Trois-Rivi\u00e8res et Montr\u00e9al<\/strong><\/h2>\n\n\n\n<p>Nous cherchons des avocat(e)s passionn\u00e9(e)s pour se joindre \u00e0 la plus importante \u00e9quipe d&rsquo;avocats en droit familial au Qu\u00e9bec. Les poste \u00e0 combler sont situ\u00e9s \u00e0 Brossard, Chicoutimi, Gatineau, Granby, Laval, Rimouski, St-J\u00e9r\u00f4me, St-Hyacinthe, Sherbrooke, Trois-Rivi\u00e8res ou Montr\u00e9al.&nbsp;<\/p>\n\n\n\n<p>L&rsquo;avocat pourrait devoir se d\u00e9placer dans des districts voisins selon les besoins.<\/p>\n\n\n\n<p>Nous cherchons des avocats ayant entre 2 et 40 ans d&rsquo;exp\u00e9rience dans ce domaine. Le salaire offert sera cons\u00e9quent avec l&rsquo;exp\u00e9rience.<\/p>\n\n\n\n<p>Chez Devichy, notre mission est d&rsquo;aider les particuliers \u00e0 surmonter leurs probl\u00e8mes juridiques. Certains servent les entreprises ou les municipalit\u00e9s, nous c&rsquo;est vraiment&nbsp;l&rsquo;humain qui est au c\u0153ur de nos pr\u00e9occupations.&nbsp;<\/p>\n\n\n\n<p>En 2023, nous comptons une cinquantaine d&#8217;employ\u00e9s. Quatre de nos avocats qui s\u2019\u00e9taient laiss\u00e9 tenter par les offres d\u2019autres cabinet sont d\u2019ailleurs rapidement revenus chez nous, et pas pour l\u2019argent!&nbsp;<\/p>\n\n\n\n<p>Pr\u00e9curseur en mati\u00e8re de t\u00e9l\u00e9travail, nos employ\u00e9s ont une grande flexibilit\u00e9 dans la gestion de leur temps. Les heures facturables demand\u00e9es sont tr\u00e8s raisonnables: vous ne passerez pas vos soir\u00e9es au bureau! Les \u00e9changes entre tous les membres de l\u2019\u00e9quipe sont fr\u00e9quents et cordiaux. Nous utilisons les nouvelles technologies pour que nos avocats puissent mieux se conna\u00eetre, pas pour nous immiscer dans leur vie priv\u00e9e. Un chalet-bureau est \u00e0 la disposition de nos employ\u00e9s qui peuvent y dormir.<\/p>\n\n\n\n<p>Vous b\u00e9n\u00e9ficierez d&rsquo;une tr\u00e8s grande autonomie dans la gestion de vos dossiers et de votre vie. Pas besoin de nous demander la permission pour aller chez le dentiste ou faire une course pendant la journ\u00e9e. Nous offrons un programme de bonification annuelle.<\/p>\n\n\n\n<p>Notre mod\u00e8le d\u2019affaire est&nbsp;<em>lean<\/em>. Pas de lourde bureaucratie chez nous, mais une \u00e9quipe de direction jeune et moderne.<\/p>\n\n\n\n<p>Il nous ferait plaisir de discuter avec vous d\u2019opportunit\u00e9s d\u2019emploi, la plus grande discr\u00e9tion \u00e9tant assur\u00e9e.&nbsp; Nous avons 13 bureaux dans diverses villes au Qu\u00e9bec. <\/p>\n\n\n\n<p>Vous aurez d\u00e8s le d\u00e9part vos propres dossiers int\u00e9ressants que vous piloterez de a \u00e0 z.<\/p>\n\n\n\n<p>L&rsquo;ambiance est positive!<\/p>\n\n\n\n<p>La date d&rsquo;entr\u00e9e en fonction est flexible.<br><br><strong>Principales responsabilit\u00e9s :<\/strong><\/p>\n\n\n\n<ul class=\"wp-block-list\">\n<li>Faire les consultations initiales avec les clients;<\/li>\n\n\n\n<li>R\u00e9daction de proc\u00e9dures;<\/li>\n\n\n\n<li>N\u00e9gociations;<\/li>\n\n\n\n<li>Repr\u00e9sentations \u00e0 la Cour;<\/li>\n\n\n\n<li>Gestion de dossiers;&nbsp;<\/li>\n<\/ul>\n\n\n\n<p>&nbsp;<\/p>\n\n\n\n<p><strong>Aptitudes personnelles et professionnelles:<\/strong>&nbsp;Esprit d\u2019\u00e9quipe ; Capacit\u00e9 \u00e0 travailler sous pression; Excellent sens de l\u2019organisation, planification et rigueur; Capacit\u00e9s r\u00e9dactionnelles; Avoir les capacit\u00e9s \u00e0 b\u00e2tir une relation avec les clients; \u00catre autonome; Bilinguisme fran\u00e7ais-anglais;<\/p>\n\n\n\n<p><br><strong>Atout:<\/strong><br>Exp\u00e9rience dans un autre domaine de droit.<\/p>\n\n\n\n<p><br>Salaire \u00e0 discuter. Svp faites parvenir votre candidature \u00e0 veronicavallelonga@sandbox.devichyavocats.com<br><br>Nous ne communiquerons qu\u2019avec les candidat(e)s retenu(e)s pour une entrevue.<\/p>\n\n\n\n<h2 class=\"wp-block-heading\" id=\"3-avocat-en-protection-de-la-jeunesse-montreal-laval-brossard\">3. <strong>Avocat en protection de la jeunesse &#8211; Montr\u00e9al &#8211; Laval &#8211; Brossard<\/strong><\/h2>\n\n\n\n<p>Comment Devichy est-il devenu &#8211; depuis sa fondation en mai 2019 &#8211; le cabinet avec la plus importante \u00e9quipe en droit de la famille au Qu\u00e9bec?<\/p>\n\n\n\n<p>C&rsquo;est tout simplement parce que nous sommes une startup qui fait table rase du vieux mod\u00e8le des soci\u00e9t\u00e9s d&rsquo;avocats o\u00f9 l&rsquo;on tente de gravir les \u00e9chelons dans un climat comp\u00e9titif.<\/p>\n\n\n\n<p>Devichy, c&rsquo;est un cabinet ax\u00e9 sur la personne. Vous b\u00e9n\u00e9ficierez d&rsquo;une tr\u00e8s grande autonomie dans la gestion de vos dossiers et de votre vie. Pas besoin de nous demander la permission pour aller chez le dentiste ou faire une course pendant la journ\u00e9e. Les heures facturables demand\u00e9es sont tr\u00e8s raisonnables: vous ne passerez pas vos soir\u00e9es au bureau! Nous offrons un programme de bonification annuelle.<\/p>\n\n\n\n<p>Devichy est un cabinet techno: r\u00e9seau social interne, pratique du droit num\u00e9rique, marketing en ligne #1 au Qu\u00e9bec, t\u00e9l\u00e9travail ou pr\u00e9sence au bureau au choix de l&#8217;employ\u00e9. Un chalet-bureau est \u00e0 la disposition de nos employ\u00e9s qui peuvent y dormir.<\/p>\n\n\n\n<p>Devichy voit grand: nous ouvrons pratiquement un nouveau bureau tous les trois mois.<\/p>\n\n\n\n<p>Nous cherchons un(e) avocat(e) en protection de la jeunesse passionn\u00e9(e) pour se joindre \u00e0 nous. Le poste \u00e0 combler est situ\u00e9 \u00e0 Montr\u00e9al, Laval ou Brossard.<\/p>\n\n\n\n<p>L\u2019avocat pourrait devoir se d\u00e9placer dans des districts voisins selon les besoins.<\/p>\n\n\n\n<p>Nous cherchons un avocat ayant entre 2 et 40 ans d\u2019exp\u00e9rience dans ce domaine. Le salaire offert sera cons\u00e9quent avec l\u2019exp\u00e9rience.<\/p>\n\n\n\n<p>Vous aurez d\u00e8s le d\u00e9part vos propres dossiers int\u00e9ressants que vous piloterez de a \u00e0 z.<\/p>\n\n\n\n<p>L\u2019ambiance est positive!<\/p>\n\n\n\n<p>La date d\u2019entr\u00e9e en fonction est flexible.<\/p>\n\n\n\n<p><strong>Principales responsabilit\u00e9s :<\/strong><\/p>\n\n\n\n<ul class=\"wp-block-list\">\n<li>Faire les consultations initiales avec les clients;<\/li>\n\n\n\n<li>R\u00e9daction de proc\u00e9dures;<\/li>\n\n\n\n<li>N\u00e9gociations;<\/li>\n\n\n\n<li>Repr\u00e9sentations \u00e0 la Cour;<\/li>\n\n\n\n<li>Gestion de dossiers;<\/li>\n<\/ul>\n\n\n\n<p><\/p>\n\n\n\n<p><strong>Aptitudes personnelles et professionnelles:<\/strong><\/p>\n\n\n\n<ul class=\"wp-block-list\">\n<li>Esprit d\u2019\u00e9quipe ;<\/li>\n\n\n\n<li>Habilit\u00e9 \u00e0 utiliser diverses applications tech dans son travail;<\/li>\n\n\n\n<li>Excellent sens de l\u2019organisation, planification et rigueur;<\/li>\n\n\n\n<li>Capacit\u00e9s r\u00e9dactionnelles;<\/li>\n\n\n\n<li>Avoir les capacit\u00e9s \u00e0 b\u00e2tir une relation avec les clients;<\/li>\n\n\n\n<li>\u00catre autonome;<\/li>\n\n\n\n<li>Bilinguisme fran\u00e7ais-anglais;<\/li>\n<\/ul>\n\n\n\n<p>Atout: Exp\u00e9rience dans un autre domaine de droit.<\/p>\n\n\n\n<p>Salaire \u00e0 discuter. Svp faites parvenir votre candidature \u00e0 veronicavallelonga@sandbox.devichyavocats.com<\/p>\n\n\n\n<p>Nous ne communiquerons qu\u2019avec les candidat(e)s retenu(e)s pour une entrevue.<\/p>\n\n\n\n<p><\/p>\n\n\n\n<h2 class=\"wp-block-heading\" id=\"4-notaire-montreal-ou-quebec\">4. Notaire &#8211; Montr\u00e9al ou Qu\u00e9bec<\/h2>\n\n\n\n<p><strong>Qui sommes-nous ?<\/strong><\/p>\n\n\n\n<p>Chez Devichy Avocats, nous sommes une startup du droit qui a l\u2019humain \u00e0 c\u0153ur. Et ce n\u2019est pas qu\u2019un slogan. Nous sommes pr\u00e9sents dans 9 villes au Qu\u00e9bec. Notre \u00e9quipe d\u2019avocats en droit de la famille est d\u00e9j\u00e0 la plus importante au Qu\u00e9bec. Nous pratiquons \u00e9galement en droit civil, droit des affaires, droit du travail, droit p\u00e9nal, etc. et nous offrons d\u00e9sormais des services notariaux !<\/p>\n\n\n\n<p>Pr\u00e9curseur en mati\u00e8re de t\u00e9l\u00e9travail, nos employ\u00e9s ont une grande flexibilit\u00e9 dans la gestion de leur temps. Les heures demand\u00e9es sont tr\u00e8s raisonnables : vous ne passerez pas vos soir\u00e9es au bureau. Les \u00e9changes entre tous les membres de l\u2019\u00e9quipe sont fr\u00e9quents et cordiaux. Nous utilisons les nouvelles technologies pour que nos avocats puissent mieux se conna\u00eetre, pas pour nous immiscer dans leur vie priv\u00e9e.<\/p>\n\n\n\n<p>Vous aurez d\u00e8s le d\u00e9part vos propres dossiers que vous piloterez de A \u00e0 Z. Oubliez la carri\u00e8re p\u00e9nible dans un cabinet qui surcharge ses employ\u00e9s de travail, et qui fait du micro-management.<\/p>\n\n\n\n<p>L\u2019ambiance est positive!<\/p>\n\n\n\n<p><strong>Profil recherch\u00e9<\/strong><\/p>\n\n\n\n<p>Nous cherchons un(e) notaire en droit immobilier et en droit de la personne pour se joindre \u00e0 notre \u00e9quipe. Le poste \u00e0 combler est situ\u00e9 principalement \u00e0 Montr\u00e9al ou Qu\u00e9bec mais peut s\u2019effectuer en t\u00e9l\u00e9travail.<\/p>\n\n\n\n<p>Vous serez dans nos premiers notaires au sein d\u2019un cabinet d\u2019avocats \u00e0 l\u2019esprit jeune. Vous allez \u0153uvrer en droit immobilier (et en droit de la personne, en droit des successions et en proc\u00e9dures non contentieuses si vous avez aussi des aptitudes dans ce domaine). Vous ferez des recherches de titres, la v\u00e9rification des dossiers, vous recevrez les clients pour les pr\u00eats, les ventes, les servitudes, ou, selon vos comp\u00e9tences, vous pourrez faire des testaments, mandats, procurations, convention d\u2019indivision, convention de vie commune et r\u00e9daction de contrat de mariage.<\/p>\n\n\n\n<p>Nous sommes ouverts aux candidats ayant des niveaux d\u2019exp\u00e9rience vari\u00e9s dans ce domaine.<\/p>\n\n\n\n<p>La date d\u2019entr\u00e9e en fonction est flexible.<\/p>\n\n\n\n<p><strong>Qualifications<\/strong><\/p>\n\n\n\n<ul class=\"wp-block-list\">\n<li>Membre de la Chambre des notaires du Qu\u00e9bec ;<\/li>\n\n\n\n<li>Fran\u00e7ais et anglais avanc\u00e9 tant \u00e0 l\u2019oral qu\u2019\u00e0 l\u2019\u00e9crit ;<\/li>\n\n\n\n<li>Int\u00e9r\u00eat pour le droit immobilier ;<\/li>\n\n\n\n<li>Autonomie (essentielle) ;<\/li>\n\n\n\n<li>Entregent et go\u00fbt pour le contact avec les clients ;<\/li>\n\n\n\n<li>Organisation ;<\/li>\n\n\n\n<li>Exp\u00e9rience et int\u00e9r\u00eat dans des domaines autres que l\u2019immobilier, un atout.<\/li>\n<\/ul>\n\n\n\n<p>&nbsp;<\/p>\n\n\n\n<p><strong>R\u00e9mun\u00e9ration<\/strong><\/p>\n\n\n\n<p>Selon l&rsquo;exp\u00e9rience.<\/p>\n\n\n\n<p>Nous ne communiquerons qu\u2019avec les candidat(e)s retenu(e)s pour une entrevue. Svp faites parvenir votre candidature \u00e0 veronicavallelonga@sandbox.devichyavocats.com<\/p>\n","protected":false},"excerpt":{"rendered":"<p>1. Associ\u00e9.e en litige &#8211; Poste hybride Vous \u00eates un professionnel du droit comp\u00e9tent et passionn\u00e9 par le litige civil? [&hellip;]<\/p>\n","protected":false},"author":4,"featured_media":0,"parent":0,"menu_order":0,"comment_status":"closed","ping_status":"closed","template":"","meta":{"footnotes":""},"class_list":["post-846","page","type-page","status-publish","hentry"],"_links":{"self":[{"href":"https:\/\/sandbox.devichyavocats.com\/index.php?rest_route=\/wp\/v2\/pages\/846","targetHints":{"allow":["GET"]}}],"collection":[{"href":"https:\/\/sandbox.devichyavocats.com\/index.php?rest_route=\/wp\/v2\/pages"}],"about":[{"href":"https:\/\/sandbox.devichyavocats.com\/index.php?rest_route=\/wp\/v2\/types\/page"}],"author":[{"embeddable":true,"href":"https:\/\/sandbox.devichyavocats.com\/index.php?rest_route=\/wp\/v2\/users\/4"}],"replies":[{"embeddable":true,"href":"https:\/\/sandbox.devichyavocats.com\/index.php?rest_route=%2Fwp%2Fv2%2Fcomments&post=846"}],"version-history":[{"count":6,"href":"https:\/\/sandbox.devichyavocats.com\/index.php?rest_route=\/wp\/v2\/pages\/846\/revisions"}],"predecessor-version":[{"id":4772,"href":"https:\/\/sandbox.devichyavocats.com\/index.php?rest_route=\/wp\/v2\/pages\/846\/revisions\/4772"}],"wp:attachment":[{"href":"https:\/\/sandbox.devichyavocats.com\/index.php?rest_route=%2Fwp%2Fv2%2Fmedia&parent=846"}],"curies":[{"name":"wp","href":"https:\/\/api.w.org\/{rel}","templated":true}]}}